{"id":183,"date":"2026-02-18T15:31:47","date_gmt":"2026-02-18T14:31:47","guid":{"rendered":"http:\/\/stage2.fes25.eu\/?page_id=183"},"modified":"2026-03-17T19:56:21","modified_gmt":"2026-03-17T18:56:21","slug":"bogen","status":"publish","type":"page","link":"https:\/\/stage2.fes25.eu\/?page_id=183","title":{"rendered":"Bogenschie\u00dfen"},"content":{"rendered":"\n<p>Der Bogensport bietet eine beeindruckende Vielfalt an Disziplinen, die sowohl Einsteiger als auch erfahrene Sch\u00fctzinnen und Sch\u00fctzen begeistern. In unserem Verein stehen vor allem <strong>Blankbogen<\/strong>, <strong>traditionelles Bogenschie\u00dfen<\/strong>, <strong>Feldbogenschie\u00dfen<\/strong>, <strong>Scheibenschie\u00dfen (WA-Schie\u00dfen<\/strong>) und das <strong>3D-Schie\u00dfen<\/strong> im Mittelpunkt \u2013 f\u00fcnf Formen, die Technik, Naturerlebnis und Konzentration auf besondere Weise verbinden.<\/p>\n\n\n\n<ul class=\"wp-block-list\">\n<li><strong>Blankbogen<\/strong>: hierbei handelt es sich um eine moderne und vielseitige Bogenform, die ohne Visier geschossen werden. Er eignet sich hervorragend f\u00fcr Einsteiger und Fortgeschrittene, da er eine klare Technik vermittelt und ein pr\u00e4zises, ruhiges Schie\u00dfen f\u00f6rdert.<\/li>\n\n\n\n<li><strong>Traditionelles Bogenschie\u00dfen<\/strong>: Das ist Urspr\u00fcnglichkeit und Intuition schlecht hin. Geschossen wird ohne Visier, meist mit Langbogen, Recurve mit Holzmittelteil oder Reiterbogen. Diese Form des Schie\u00dfens schult K\u00f6rpergef\u00fchl, Fokus und eine nat\u00fcrliche Zielwahrnehmung.<\/li>\n\n\n\n<li><strong>Feldbogenschie\u00dfen<\/strong>: Dies f\u00fchrt die Sch\u00fctzen ins Gel\u00e4nde. Unterschiedliche Entfernungen, H\u00f6henwinkel und abwechslungsreiche Zielpositionen machen diese Disziplin besonders spannend und fordern ein gutes Gef\u00fchl f\u00fcr Technik und Umgebung.<\/li>\n\n\n\n<li><strong>Scheibenschie\u00dfen<\/strong>: Hierbei trainieren unsere Sch\u00fctzinnen und Sch\u00fctzen auf genormte Zielscheiben in festen Entfernungen und k\u00f6nnen ihre Technik pr\u00e4zise und konzentriert weiterentwickeln.<\/li>\n\n\n\n<li><strong>3D-Bogenschie\u00dfen<\/strong>: Hierbei wird auf naturgetreue Tierattrappen geschossen, die entlang eines Parcours im Wald oder auf Wiesen stehen. Diese Disziplin bietet ein intensives Naturerlebnis und eine fast jagd\u00e4hnliche Atmosph\u00e4re \u2013 selbstverst\u00e4ndlich ohne lebende Tiere zu gef\u00e4hrden.<\/li>\n<\/ul>\n\n\n\n<p>Alle diese Disziplinen verbinden sportliche Herausforderung, Konzentration und Freude an der Bewegung. Sie bieten ideale Voraussetzungen, um den Bogensport in seiner ganzen Vielfalt zu entdecken und gemeinsam Spa\u00df am Schie\u00dfen zu erleben.<\/p>\n\n\n\n<figure class=\"wp-block-gallery has-nested-images columns-default is-cropped wp-block-gallery-1 is-layout-flex wp-block-gallery-is-layout-flex\">\n<figure class=\"wp-block-image size-large\"><img loading=\"lazy\" decoding=\"async\" width=\"364\" height=\"208\" data-id=\"804\" src=\"https:\/\/stage2.fes25.eu\/wp-content\/uploads\/2026\/03\/Screenshot-2026-03-07-143048-1.jpg\" alt=\"\" class=\"wp-image-804\" srcset=\"https:\/\/stage2.fes25.eu\/wp-content\/uploads\/2026\/03\/Screenshot-2026-03-07-143048-1.jpg 364w, https:\/\/stage2.fes25.eu\/wp-content\/uploads\/2026\/03\/Screenshot-2026-03-07-143048-1-300x171.jpg 300w\" sizes=\"auto, (max-width: 364px) 100vw, 364px\" \/><\/figure>\n\n\n\n<figure class=\"wp-block-image size-large\"><img loading=\"lazy\" decoding=\"async\" width=\"385\" height=\"327\" data-id=\"805\" src=\"https:\/\/stage2.fes25.eu\/wp-content\/uploads\/2026\/03\/Screenshot-2026-03-07-144027.jpg\" alt=\"\" class=\"wp-image-805\" srcset=\"https:\/\/stage2.fes25.eu\/wp-content\/uploads\/2026\/03\/Screenshot-2026-03-07-144027.jpg 385w, https:\/\/stage2.fes25.eu\/wp-content\/uploads\/2026\/03\/Screenshot-2026-03-07-144027-300x255.jpg 300w\" sizes=\"auto, (max-width: 385px) 100vw, 385px\" \/><\/figure>\n\n\n\n<figure class=\"wp-block-image size-large\"><img loading=\"lazy\" decoding=\"async\" width=\"582\" height=\"667\" data-id=\"806\" src=\"https:\/\/stage2.fes25.eu\/wp-content\/uploads\/2026\/03\/Screenshot-2026-03-07-144145.jpg\" alt=\"\" class=\"wp-image-806\" srcset=\"https:\/\/stage2.fes25.eu\/wp-content\/uploads\/2026\/03\/Screenshot-2026-03-07-144145.jpg 582w, https:\/\/stage2.fes25.eu\/wp-content\/uploads\/2026\/03\/Screenshot-2026-03-07-144145-262x300.jpg 262w\" sizes=\"auto, (max-width: 582px) 100vw, 582px\" \/><\/figure>\n<\/figure>\n\n\n\n<h5 class=\"wp-block-heading\">Unsere Trainingsanlagen \u2013 optimale Bedingungen f\u00fcr jeden Sch\u00fctzen<\/h5>\n\n\n\n<p>Unser Verein verf\u00fcgt \u00fcber hervorragend ausgestattete Trainingsm\u00f6glichkeiten, die ganzj\u00e4hrig ein komfortables und sicheres Bogenschie\u00dfen erm\u00f6glichen. Dabei legen wir gro\u00dfen Wert darauf, dass sowohl Einsteiger als auch erfahrene Sch\u00fctzinnen und Sch\u00fctzen ideale Bedingungen vorfinden.<\/p>\n\n\n\n<p>Im Innenbereich steht uns ein <strong>20\u2011Meter\u2011Indoor\u2011Bogenstand<\/strong> zur Verf\u00fcgung. Dieser Bereich ist vollst\u00e4ndig \u00fcberdacht und wetterunabh\u00e4ngig nutzbar \u2013 perfekt f\u00fcr Techniktraining, regelm\u00e4\u00dfige \u00dcbungseinheiten und die Wintermonate. Die ruhige Umgebung erm\u00f6glicht konzentriertes Arbeiten an Haltung, Auszug und Schussablauf, ohne \u00e4u\u00dfere Einfl\u00fcsse wie Wind oder Regen. Erg\u00e4nzt wird unser Angebot durch einen <strong>30\u2011Meter\u2011Au\u00dfenstand<\/strong>, der ebenfalls teil\u00fcberdacht ist und somit bei nahezu jedem Wetter genutzt werden kann. Hier k\u00f6nnen Sch\u00fctzinnen und Sch\u00fctzen auf gr\u00f6\u00dfere Distanzen trainieren und ihre F\u00e4higkeiten im Freien weiterentwickeln. Die offene Bauweise sorgt f\u00fcr ein authentisches Schussgef\u00fchl und bietet gleichzeitig Schutz vor Witterung.<\/p>\n\n\n\n<p>Durch die Kombination aus Indoor\u2011 und Outdoorbereich k\u00f6nnen wir ganzj\u00e4hrig abwechslungsreiche Trainingsbedingungen anbieten \u2013 von kurzen Technikdistanzen bis hin zu anspruchsvolleren Sch\u00fcssen auf gr\u00f6\u00dfere Entfernungen. So findet jeder Sch\u00fctze die passende Umgebung, um sich im Bogensport weiterzuentwickeln.<\/p>\n\n\n\n<figure class=\"wp-block-gallery has-nested-images columns-default is-cropped wp-block-gallery-2 is-layout-flex wp-block-gallery-is-layout-flex\">\n<figure class=\"wp-block-image size-large\"><img loading=\"lazy\" decoding=\"async\" width=\"800\" height=\"488\" data-id=\"346\" src=\"https:\/\/stage2.fes25.eu\/wp-content\/uploads\/2025\/12\/Bogenstandinnen.jpg\" alt=\"\" class=\"wp-image-346\" srcset=\"https:\/\/stage2.fes25.eu\/wp-content\/uploads\/2025\/12\/Bogenstandinnen.jpg 800w, https:\/\/stage2.fes25.eu\/wp-content\/uploads\/2025\/12\/Bogenstandinnen-300x183.jpg 300w, https:\/\/stage2.fes25.eu\/wp-content\/uploads\/2025\/12\/Bogenstandinnen-768x468.jpg 768w\" sizes=\"auto, (max-width: 800px) 100vw, 800px\" \/><figcaption class=\"wp-element-caption\">Bogen Indoor<\/figcaption><\/figure>\n\n\n\n<figure class=\"wp-block-image size-large\"><img loading=\"lazy\" decoding=\"async\" width=\"800\" height=\"533\" data-id=\"344\" src=\"https:\/\/stage2.fes25.eu\/wp-content\/uploads\/2025\/12\/Bogenstandaussen.jpg\" alt=\"\" class=\"wp-image-344\" srcset=\"https:\/\/stage2.fes25.eu\/wp-content\/uploads\/2025\/12\/Bogenstandaussen.jpg 800w, https:\/\/stage2.fes25.eu\/wp-content\/uploads\/2025\/12\/Bogenstandaussen-300x200.jpg 300w, https:\/\/stage2.fes25.eu\/wp-content\/uploads\/2025\/12\/Bogenstandaussen-768x512.jpg 768w\" sizes=\"auto, (max-width: 800px) 100vw, 800px\" \/><figcaption class=\"wp-element-caption\">Au\u00dfenstand<\/figcaption><\/figure>\n\n\n\n<figure class=\"wp-block-image size-large\"><img loading=\"lazy\" decoding=\"async\" width=\"800\" height=\"534\" data-id=\"345\" src=\"https:\/\/stage2.fes25.eu\/wp-content\/uploads\/2025\/12\/Bogenstandaussen2.jpg\" alt=\"\" class=\"wp-image-345\" srcset=\"https:\/\/stage2.fes25.eu\/wp-content\/uploads\/2025\/12\/Bogenstandaussen2.jpg 800w, https:\/\/stage2.fes25.eu\/wp-content\/uploads\/2025\/12\/Bogenstandaussen2-300x200.jpg 300w, https:\/\/stage2.fes25.eu\/wp-content\/uploads\/2025\/12\/Bogenstandaussen2-768x513.jpg 768w\" sizes=\"auto, (max-width: 800px) 100vw, 800px\" \/><figcaption class=\"wp-element-caption\">Au\u00dfenstand \u00fcberdacht<\/figcaption><\/figure>\n<\/figure>\n\n\n\n<h5 class=\"wp-block-heading\">Coaching &amp; Trainingsangebote im Verein<\/h5>\n\n\n\n<p>F\u00fcr alle, die ihre Technik verbessern oder den Bogensport von Grund auf erlernen m\u00f6chten, bieten wir ein <strong>individuelles Coaching<\/strong> an. Dieses findet als <strong>Einzel- oder Zweiertraining<\/strong> statt und wird von einem speziell ausgebildeten Trainer durchgef\u00fchrt. Durch den Ansatz des <strong>intuitiven Bogenschie\u00dfens<\/strong> k\u00f6nnen Bewegungsabl\u00e4ufe besonders nat\u00fcrlich entwickelt und verfeinert werden \u2013 ideal f\u00fcr Einsteiger und alle, die in ruhiger Atmosph\u00e4re an ihrer Technik arbeiten m\u00f6chten. <\/p>\n\n\n\n<p>Wer sich sportlich weiterentwickeln oder gezielt auf Wettk\u00e4mpfe hinarbeiten m\u00f6chte, findet bei uns ebenfalls optimale Bedingungen. Im intensiven Training bereiten wir Sch\u00fctzinnen und Sch\u00fctzen gezielt auf Vereinsmeisterschaften oder sp\u00e4tere Kreis oder Deutsche Meisterschaften vor.<\/p>\n\n\n\n<p>Der Sch\u00fctzenverein Eisingen verf\u00fcgt hierf\u00fcr \u00fcber <strong>Zielelemente mit genormten Ma\u00dfen<\/strong> sowie <strong>offizielle Zielauflagen<\/strong>, wie sie auch bei Meisterschaften verwendet werden. So kann unter realistischen Bedingungen trainiert werden \u2013 ein wichtiger Schritt f\u00fcr alle, die ihre F\u00e4higkeiten auf das n\u00e4chste Level bringen m\u00f6chten.<\/p>\n\n\n\n<p><\/p>\n","protected":false},"excerpt":{"rendered":"<p>Der Bogensport bietet eine beeindruckende Vielfalt an Disziplinen, die sowohl Einsteiger als auch erfahrene Sch\u00fctzinnen und Sch\u00fctzen begeistern. In unserem [&hellip;]<\/p>\n","protected":false},"author":1,"featured_media":0,"parent":0,"menu_order":0,"comment_status":"closed","ping_status":"closed","template":"","meta":{"site-sidebar-layout":"default","site-content-layout":"","ast-site-content-layout":"default","site-content-style":"default","site-sidebar-style":"default","ast-global-header-display":"","ast-banner-title-visibility":"","ast-main-header-display":"","ast-hfb-above-header-display":"","ast-hfb-below-header-display":"","ast-hfb-mobile-header-display":"","site-post-title":"","ast-breadcrumbs-content":"","ast-featured-img":"","footer-sml-layout":"","ast-disable-related-posts":"","theme-transparent-header-meta":"","adv-header-id-meta":"","stick-header-meta":"","header-above-stick-meta":"","header-main-stick-meta":"","header-below-stick-meta":"","astra-migrate-meta-layouts":"default","ast-page-background-enabled":"default","ast-page-background-meta":{"desktop":{"background-color":"var(--ast-global-color-5)","background-image":"","background-repeat":"repeat","background-position":"center center","background-size":"auto","background-attachment":"scroll","background-type":"","background-media":"","overlay-type":"","overlay-color":"","overlay-opacity":"","overlay-gradient":""},"tablet":{"background-color":"","background-image":"","background-repeat":"repeat","background-position":"center center","background-size":"auto","background-attachment":"scroll","background-type":"","background-media":"","overlay-type":"","overlay-color":"","overlay-opacity":"","overlay-gradient":""},"mobile":{"background-color":"","background-image":"","background-repeat":"repeat","background-position":"center center","background-size":"auto","background-attachment":"scroll","background-type":"","background-media":"","overlay-type":"","overlay-color":"","overlay-opacity":"","overlay-gradient":""}},"ast-content-background-meta":{"desktop":{"background-color":"var(--ast-global-color-4)","background-image":"","background-repeat":"repeat","background-position":"center center","background-size":"auto","background-attachment":"scroll","background-type":"","background-media":"","overlay-type":"","overlay-color":"","overlay-opacity":"","overlay-gradient":""},"tablet":{"background-color":"var(--ast-global-color-4)","background-image":"","background-repeat":"repeat","background-position":"center center","background-size":"auto","background-attachment":"scroll","background-type":"","background-media":"","overlay-type":"","overlay-color":"","overlay-opacity":"","overlay-gradient":""},"mobile":{"background-color":"var(--ast-global-color-4)","background-image":"","background-repeat":"repeat","background-position":"center center","background-size":"auto","background-attachment":"scroll","background-type":"","background-media":"","overlay-type":"","overlay-color":"","overlay-opacity":"","overlay-gradient":""}},"footnotes":""},"class_list":["post-183","page","type-page","status-publish","hentry"],"_links":{"self":[{"href":"https:\/\/stage2.fes25.eu\/index.php?rest_route=\/wp\/v2\/pages\/183","targetHints":{"allow":["GET"]}}],"collection":[{"href":"https:\/\/stage2.fes25.eu\/index.php?rest_route=\/wp\/v2\/pages"}],"about":[{"href":"https:\/\/stage2.fes25.eu\/index.php?rest_route=\/wp\/v2\/types\/page"}],"author":[{"embeddable":true,"href":"https:\/\/stage2.fes25.eu\/index.php?rest_route=\/wp\/v2\/users\/1"}],"replies":[{"embeddable":true,"href":"https:\/\/stage2.fes25.eu\/index.php?rest_route=%2Fwp%2Fv2%2Fcomments&post=183"}],"version-history":[{"count":12,"href":"https:\/\/stage2.fes25.eu\/index.php?rest_route=\/wp\/v2\/pages\/183\/revisions"}],"predecessor-version":[{"id":1041,"href":"https:\/\/stage2.fes25.eu\/index.php?rest_route=\/wp\/v2\/pages\/183\/revisions\/1041"}],"wp:attachment":[{"href":"https:\/\/stage2.fes25.eu\/index.php?rest_route=%2Fwp%2Fv2%2Fmedia&parent=183"}],"curies":[{"name":"wp","href":"https:\/\/api.w.org\/{rel}","templated":true}]}}