{"id":189,"date":"2026-02-18T15:33:04","date_gmt":"2026-02-18T14:33:04","guid":{"rendered":"http:\/\/stage2.fes25.eu\/?page_id=189"},"modified":"2026-04-05T11:21:59","modified_gmt":"2026-04-05T09:21:59","slug":"vereinsheim","status":"publish","type":"page","link":"https:\/\/stage2.fes25.eu\/?page_id=189","title":{"rendered":"Vereinsheim"},"content":{"rendered":"\n<p>Unser Vereinsheim liegt in <strong>Eisingen (Baden)<\/strong>, nordwestlich von Pforzheim. Die Umgebung ist typisch f\u00fcr die Gemeinde: ruhige Lage, von Wald und Wiesen umgeben, am \u00dcbergang vom Kraichgau zum Schwarzwald.<\/p>\n\n\n\n<figure class=\"wp-block-image size-full is-resized\"><img loading=\"lazy\" decoding=\"async\" width=\"2560\" height=\"1920\" src=\"https:\/\/stage2.fes25.eu\/wp-content\/uploads\/2026\/04\/IMG_4082-kopie1-scaled.jpeg\" alt=\"\" class=\"wp-image-1086\" style=\"aspect-ratio:1.1976914620740198;width:615px;height:auto\" srcset=\"https:\/\/stage2.fes25.eu\/wp-content\/uploads\/2026\/04\/IMG_4082-kopie1-scaled.jpeg 2560w, https:\/\/stage2.fes25.eu\/wp-content\/uploads\/2026\/04\/IMG_4082-kopie1-300x225.jpeg 300w, https:\/\/stage2.fes25.eu\/wp-content\/uploads\/2026\/04\/IMG_4082-kopie1-1024x768.jpeg 1024w, https:\/\/stage2.fes25.eu\/wp-content\/uploads\/2026\/04\/IMG_4082-kopie1-768x576.jpeg 768w, https:\/\/stage2.fes25.eu\/wp-content\/uploads\/2026\/04\/IMG_4082-kopie1-1536x1152.jpeg 1536w, https:\/\/stage2.fes25.eu\/wp-content\/uploads\/2026\/04\/IMG_4082-kopie1-2048x1536.jpeg 2048w\" sizes=\"auto, (max-width: 2560px) 100vw, 2560px\" \/><\/figure>\n\n\n\n<figure class=\"wp-block-image size-full is-resized\"><img loading=\"lazy\" decoding=\"async\" width=\"886\" height=\"430\" src=\"https:\/\/stage2.fes25.eu\/wp-content\/uploads\/2026\/03\/Screenshot-2026-03-06-103739-1.jpg\" alt=\"\" class=\"wp-image-695\" style=\"aspect-ratio:2.060503652022239;width:538px;height:auto\" srcset=\"https:\/\/stage2.fes25.eu\/wp-content\/uploads\/2026\/03\/Screenshot-2026-03-06-103739-1.jpg 886w, https:\/\/stage2.fes25.eu\/wp-content\/uploads\/2026\/03\/Screenshot-2026-03-06-103739-1-300x146.jpg 300w, https:\/\/stage2.fes25.eu\/wp-content\/uploads\/2026\/03\/Screenshot-2026-03-06-103739-1-768x373.jpg 768w\" sizes=\"auto, (max-width: 886px) 100vw, 886px\" \/><figcaption class=\"wp-element-caption\">Sch\u00fctzenverein Eisingen e.V., Weberstra\u00dfe 60, 75239 Eisingen<\/figcaption><\/figure>\n\n\n\n<p>Im Vereinsheim des SV Eisingen e.V. erwartet die Sch\u00fctzinnen und Sch\u00fctzen nicht nur ein moderner Schie\u00dfbetrieb \u2013 neben den Bahnen l\u00e4dt ein gem\u00fctlicher Aufenthaltsraum zum Austausch ein, und an der liebevoll gef\u00fchrten Schankwirtschaft des Dart-Club Distroyers e.V.  gibt es erfrischende Getr\u00e4nke und kleine S\u00fc\u00dfigkeiten f\u00fcr die Pause zwischendurch. Durch den Betrieb der Schankwirtschaft ist der Dart-Club Distroyers e.V. zugleich ein fester Bestandteil des geselligen Bereichs im Sch\u00fctzenhaus und unterst\u00fctzt das Vereinsleben weit \u00fcber den sportlichen Teil hinaus.<\/p>\n\n\n\n<p>Bei den DC Destroyers kommen Jung und Alt voll auf ihre Kosten: Jeder kann ganz unkompliziert ausprobieren, wie viel Spa\u00df es macht, Dart zu spielen, und wird dabei sofort von einer tollen und starken Dartgemeinschaft aufgenommen, die Neulinge herzlich unterst\u00fctzt und erfahrene Spieler motiviert. Wer zwischendurch etwas Abwechslung sucht, kann au\u00dferdem eine Runde Tischfu\u00dfball spielen und den freundschaftlichen Wettbewerb genie\u00dfen. Ein Ort, an dem Gemeinschaft, Spa\u00df und sportlicher Ehrgeiz perfekt zusammenfinden.<\/p>\n\n\n\n<figure class=\"wp-block-image size-large is-resized\"><img loading=\"lazy\" decoding=\"async\" width=\"689\" height=\"1024\" src=\"https:\/\/stage2.fes25.eu\/wp-content\/uploads\/2026\/03\/IMG_1933-kopie-689x1024.jpeg\" alt=\"\" class=\"wp-image-1075\" style=\"aspect-ratio:0.6728568376720481;width:389px;height:auto\" srcset=\"https:\/\/stage2.fes25.eu\/wp-content\/uploads\/2026\/03\/IMG_1933-kopie-689x1024.jpeg 689w, https:\/\/stage2.fes25.eu\/wp-content\/uploads\/2026\/03\/IMG_1933-kopie-202x300.jpeg 202w, https:\/\/stage2.fes25.eu\/wp-content\/uploads\/2026\/03\/IMG_1933-kopie-768x1141.jpeg 768w, https:\/\/stage2.fes25.eu\/wp-content\/uploads\/2026\/03\/IMG_1933-kopie-1034x1536.jpeg 1034w, https:\/\/stage2.fes25.eu\/wp-content\/uploads\/2026\/03\/IMG_1933-kopie-1379x2048.jpeg 1379w, https:\/\/stage2.fes25.eu\/wp-content\/uploads\/2026\/03\/IMG_1933-kopie-scaled.jpeg 1723w\" sizes=\"auto, (max-width: 689px) 100vw, 689px\" \/><\/figure>\n\n\n\n<figure class=\"wp-block-gallery has-nested-images columns-default is-cropped wp-block-gallery-1 is-layout-flex wp-block-gallery-is-layout-flex\">\n<figure class=\"wp-block-image size-large\"><img loading=\"lazy\" decoding=\"async\" width=\"1024\" height=\"768\" data-id=\"1076\" src=\"https:\/\/stage2.fes25.eu\/wp-content\/uploads\/2026\/03\/IMG_1935-1-1024x768.jpeg\" alt=\"\" class=\"wp-image-1076\" srcset=\"https:\/\/stage2.fes25.eu\/wp-content\/uploads\/2026\/03\/IMG_1935-1-1024x768.jpeg 1024w, https:\/\/stage2.fes25.eu\/wp-content\/uploads\/2026\/03\/IMG_1935-1-300x225.jpeg 300w, https:\/\/stage2.fes25.eu\/wp-content\/uploads\/2026\/03\/IMG_1935-1-768x576.jpeg 768w, https:\/\/stage2.fes25.eu\/wp-content\/uploads\/2026\/03\/IMG_1935-1-1536x1152.jpeg 1536w, https:\/\/stage2.fes25.eu\/wp-content\/uploads\/2026\/03\/IMG_1935-1-2048x1536.jpeg 2048w\" sizes=\"auto, (max-width: 1024px) 100vw, 1024px\" \/><\/figure>\n\n\n\n<figure class=\"wp-block-image size-large\"><img loading=\"lazy\" decoding=\"async\" width=\"694\" height=\"386\" data-id=\"779\" src=\"https:\/\/stage2.fes25.eu\/wp-content\/uploads\/2026\/03\/Screenshot-2026-03-07-122018.jpg\" alt=\"\" class=\"wp-image-779\" srcset=\"https:\/\/stage2.fes25.eu\/wp-content\/uploads\/2026\/03\/Screenshot-2026-03-07-122018.jpg 694w, https:\/\/stage2.fes25.eu\/wp-content\/uploads\/2026\/03\/Screenshot-2026-03-07-122018-300x167.jpg 300w\" sizes=\"auto, (max-width: 694px) 100vw, 694px\" \/><\/figure>\n<\/figure>\n","protected":false},"excerpt":{"rendered":"<p>Unser Vereinsheim liegt in Eisingen (Baden), nordwestlich von Pforzheim. Die Umgebung ist typisch f\u00fcr die Gemeinde: ruhige Lage, von Wald [&hellip;]<\/p>\n","protected":false},"author":1,"featured_media":0,"parent":0,"menu_order":0,"comment_status":"closed","ping_status":"closed","template":"","meta":{"site-sidebar-layout":"default","site-content-layout":"","ast-site-content-layout":"default","site-content-style":"default","site-sidebar-style":"default","ast-global-header-display":"","ast-banner-title-visibility":"","ast-main-header-display":"","ast-hfb-above-header-display":"","ast-hfb-below-header-display":"","ast-hfb-mobile-header-display":"","site-post-title":"","ast-breadcrumbs-content":"","ast-featured-img":"","footer-sml-layout":"","ast-disable-related-posts":"","theme-transparent-header-meta":"","adv-header-id-meta":"","stick-header-meta":"","header-above-stick-meta":"","header-main-stick-meta":"","header-below-stick-meta":"","astra-migrate-meta-layouts":"default","ast-page-background-enabled":"default","ast-page-background-meta":{"desktop":{"background-color":"var(--ast-global-color-5)","background-image":"","background-repeat":"repeat","background-position":"center center","background-size":"auto","background-attachment":"scroll","background-type":"","background-media":"","overlay-type":"","overlay-color":"","overlay-opacity":"","overlay-gradient":""},"tablet":{"background-color":"","background-image":"","background-repeat":"repeat","background-position":"center center","background-size":"auto","background-attachment":"scroll","background-type":"","background-media":"","overlay-type":"","overlay-color":"","overlay-opacity":"","overlay-gradient":""},"mobile":{"background-color":"","background-image":"","background-repeat":"repeat","background-position":"center center","background-size":"auto","background-attachment":"scroll","background-type":"","background-media":"","overlay-type":"","overlay-color":"","overlay-opacity":"","overlay-gradient":""}},"ast-content-background-meta":{"desktop":{"background-color":"var(--ast-global-color-4)","background-image":"","background-repeat":"repeat","background-position":"center center","background-size":"auto","background-attachment":"scroll","background-type":"","background-media":"","overlay-type":"","overlay-color":"","overlay-opacity":"","overlay-gradient":""},"tablet":{"background-color":"var(--ast-global-color-4)","background-image":"","background-repeat":"repeat","background-position":"center center","background-size":"auto","background-attachment":"scroll","background-type":"","background-media":"","overlay-type":"","overlay-color":"","overlay-opacity":"","overlay-gradient":""},"mobile":{"background-color":"var(--ast-global-color-4)","background-image":"","background-repeat":"repeat","background-position":"center center","background-size":"auto","background-attachment":"scroll","background-type":"","background-media":"","overlay-type":"","overlay-color":"","overlay-opacity":"","overlay-gradient":""}},"footnotes":""},"class_list":["post-189","page","type-page","status-publish","hentry"],"_links":{"self":[{"href":"https:\/\/stage2.fes25.eu\/index.php?rest_route=\/wp\/v2\/pages\/189","targetHints":{"allow":["GET"]}}],"collection":[{"href":"https:\/\/stage2.fes25.eu\/index.php?rest_route=\/wp\/v2\/pages"}],"about":[{"href":"https:\/\/stage2.fes25.eu\/index.php?rest_route=\/wp\/v2\/types\/page"}],"author":[{"embeddable":true,"href":"https:\/\/stage2.fes25.eu\/index.php?rest_route=\/wp\/v2\/users\/1"}],"replies":[{"embeddable":true,"href":"https:\/\/stage2.fes25.eu\/index.php?rest_route=%2Fwp%2Fv2%2Fcomments&post=189"}],"version-history":[{"count":12,"href":"https:\/\/stage2.fes25.eu\/index.php?rest_route=\/wp\/v2\/pages\/189\/revisions"}],"predecessor-version":[{"id":1087,"href":"https:\/\/stage2.fes25.eu\/index.php?rest_route=\/wp\/v2\/pages\/189\/revisions\/1087"}],"wp:attachment":[{"href":"https:\/\/stage2.fes25.eu\/index.php?rest_route=%2Fwp%2Fv2%2Fmedia&parent=189"}],"curies":[{"name":"wp","href":"https:\/\/api.w.org\/{rel}","templated":true}]}}