{"id":191,"date":"2026-02-18T15:33:23","date_gmt":"2026-02-18T14:33:23","guid":{"rendered":"http:\/\/stage2.fes25.eu\/?page_id=191"},"modified":"2026-03-07T12:11:51","modified_gmt":"2026-03-07T11:11:51","slug":"vorstand","status":"publish","type":"page","link":"https:\/\/stage2.fes25.eu\/?page_id=191","title":{"rendered":"Vorstand"},"content":{"rendered":"\n<p>Der Vorstand des Sch\u00fctzenverein Eisingen e.V. bildet ein starkes und engagiertes F\u00fchrungsteam: An der Spitze steht der <strong>OSM (Obersch\u00fctzenmeister) Thomas Henne<\/strong>, unterst\u00fctzt vom <strong>2. Vorstand (Sch\u00fctzenmeister) Ralf Glo\u00df<\/strong>, w\u00e4hrend <strong>Kassenwartin Martina Burow<\/strong> sowie <strong>Schriftf\u00fchrerin Jasmin Schuchardt <\/strong>mit viel Einsatz daf\u00fcr sorgen, dass Organisation, Finanzen und Vereinsleben reibungslos und mit voller Energie voranschreiten.<\/p>\n\n\n\n<figure class=\"wp-block-image size-full is-resized\"><img loading=\"lazy\" decoding=\"async\" width=\"948\" height=\"589\" src=\"https:\/\/stage2.fes25.eu\/wp-content\/uploads\/2026\/03\/Screenshot-2026-03-06-124320.jpg\" alt=\"\" class=\"wp-image-716\" style=\"aspect-ratio:1.619710836981032;width:591px;height:auto\" srcset=\"https:\/\/stage2.fes25.eu\/wp-content\/uploads\/2026\/03\/Screenshot-2026-03-06-124320.jpg 948w, https:\/\/stage2.fes25.eu\/wp-content\/uploads\/2026\/03\/Screenshot-2026-03-06-124320-300x186.jpg 300w, https:\/\/stage2.fes25.eu\/wp-content\/uploads\/2026\/03\/Screenshot-2026-03-06-124320-768x477.jpg 768w\" sizes=\"auto, (max-width: 948px) 100vw, 948px\" \/><\/figure>\n\n\n\n<p>Damit du schnell die richtigen Ansprechpartner f\u00fcr deine Fragen findest, zeigt dir das Diagramm an wen du dich wenden kannst.<\/p>\n\n\n\n<p>Unser gesamtes, engagiertes Team betreut die Bereich der <strong>Schie\u00dfleitung<\/strong> f\u00fcr <a href=\"https:\/\/stage2.fes25.eu\/?page_id=195\" data-type=\"page\" data-id=\"195\"><strong>Gro\u00df- und Kleinkaliber<\/strong> <\/a>sowie f\u00fcr <strong><a href=\"https:\/\/stage2.fes25.eu\/?page_id=199\" data-type=\"page\" data-id=\"199\">Luftdruck<\/a><\/strong>, <strong><a href=\"https:\/\/stage2.fes25.eu\/?page_id=201\" data-type=\"page\" data-id=\"201\">Airsoft<\/a><\/strong> und <strong><a href=\"https:\/\/stage2.fes25.eu\/?page_id=217\" data-type=\"page\" data-id=\"217\">Blasrohr<\/a><\/strong>. Die Schie\u00dfleiter sorgen f\u00fcr einen reibungslosen Schie\u00dfbetrieb und achten auf Sicherheit und auf die geltende Sportordung (DSB, BDS, BSV). Die <strong>Sportleiter<\/strong> stehen den <strong>Jugendlichen als auch Erwachsene<\/strong>n bei Fragen zur Seite und sorgen daf\u00fcr, dass Training, Sicherheit und sportliche Entwicklung im Mittelpunkt stehen. Unsere Sportleiter unterst\u00fctzen die Sch\u00fctzinnen und Sch\u00fctzen bei Wettk\u00e4mpfen und stellen sicher, dass alle bestm\u00f6glich auf ihre Disziplinen vorbereitet sind.<\/p>\n\n\n\n<p>Damit Veranstaltungen und Vereinsmeistershaften reibungslos ablaufen, \u00fcbernimmt unser Team au\u00dferdem die Aufgaben des <strong>Eventmanagements<\/strong> \u2013 von der Planung bis zur Durchf\u00fchrung. Zus\u00e4tzlich pflegt der <strong>Web Master<\/strong> die digitale Pr\u00e4senz des Vereins und stellen sicher, dass Informationen aktuell und gut erreichbar sind. <\/p>\n\n\n\n<p>Unsere Beisitzer geh\u00f6ren zum erweiterten Vorstand ohne fest definierte Kernfunktion. Sie unterst\u00fctzt den Gesamtvorstand dort, wo zus\u00e4tzliche H\u00e4nde, Expertise oder organisatorische Hilfe gebraucht werden und haben damit eine offizielle Rolle im Vereinsgef\u00fcge.<\/p>\n\n\n\n<p><\/p>\n","protected":false},"excerpt":{"rendered":"<p>Der Vorstand des Sch\u00fctzenverein Eisingen e.V. bildet ein starkes und engagiertes F\u00fchrungsteam: An der Spitze steht der OSM (Obersch\u00fctzenmeister) Thomas [&hellip;]<\/p>\n","protected":false},"author":1,"featured_media":0,"parent":0,"menu_order":0,"comment_status":"closed","ping_status":"closed","template":"","meta":{"site-sidebar-layout":"default","site-content-layout":"","ast-site-content-layout":"default","site-content-style":"default","site-sidebar-style":"default","ast-global-header-display":"","ast-banner-title-visibility":"","ast-main-header-display":"","ast-hfb-above-header-display":"","ast-hfb-below-header-display":"","ast-hfb-mobile-header-display":"","site-post-title":"","ast-breadcrumbs-content":"","ast-featured-img":"","footer-sml-layout":"","ast-disable-related-posts":"","theme-transparent-header-meta":"","adv-header-id-meta":"","stick-header-meta":"","header-above-stick-meta":"","header-main-stick-meta":"","header-below-stick-meta":"","astra-migrate-meta-layouts":"default","ast-page-background-enabled":"default","ast-page-background-meta":{"desktop":{"background-color":"var(--ast-global-color-5)","background-image":"","background-repeat":"repeat","background-position":"center center","background-size":"auto","background-attachment":"scroll","background-type":"","background-media":"","overlay-type":"","overlay-color":"","overlay-opacity":"","overlay-gradient":""},"tablet":{"background-color":"","background-image":"","background-repeat":"repeat","background-position":"center center","background-size":"auto","background-attachment":"scroll","background-type":"","background-media":"","overlay-type":"","overlay-color":"","overlay-opacity":"","overlay-gradient":""},"mobile":{"background-color":"","background-image":"","background-repeat":"repeat","background-position":"center center","background-size":"auto","background-attachment":"scroll","background-type":"","background-media":"","overlay-type":"","overlay-color":"","overlay-opacity":"","overlay-gradient":""}},"ast-content-background-meta":{"desktop":{"background-color":"var(--ast-global-color-4)","background-image":"","background-repeat":"repeat","background-position":"center center","background-size":"auto","background-attachment":"scroll","background-type":"","background-media":"","overlay-type":"","overlay-color":"","overlay-opacity":"","overlay-gradient":""},"tablet":{"background-color":"var(--ast-global-color-4)","background-image":"","background-repeat":"repeat","background-position":"center center","background-size":"auto","background-attachment":"scroll","background-type":"","background-media":"","overlay-type":"","overlay-color":"","overlay-opacity":"","overlay-gradient":""},"mobile":{"background-color":"var(--ast-global-color-4)","background-image":"","background-repeat":"repeat","background-position":"center center","background-size":"auto","background-attachment":"scroll","background-type":"","background-media":"","overlay-type":"","overlay-color":"","overlay-opacity":"","overlay-gradient":""}},"footnotes":""},"class_list":["post-191","page","type-page","status-publish","hentry"],"_links":{"self":[{"href":"https:\/\/stage2.fes25.eu\/index.php?rest_route=\/wp\/v2\/pages\/191","targetHints":{"allow":["GET"]}}],"collection":[{"href":"https:\/\/stage2.fes25.eu\/index.php?rest_route=\/wp\/v2\/pages"}],"about":[{"href":"https:\/\/stage2.fes25.eu\/index.php?rest_route=\/wp\/v2\/types\/page"}],"author":[{"embeddable":true,"href":"https:\/\/stage2.fes25.eu\/index.php?rest_route=\/wp\/v2\/users\/1"}],"replies":[{"embeddable":true,"href":"https:\/\/stage2.fes25.eu\/index.php?rest_route=%2Fwp%2Fv2%2Fcomments&post=191"}],"version-history":[{"count":25,"href":"https:\/\/stage2.fes25.eu\/index.php?rest_route=\/wp\/v2\/pages\/191\/revisions"}],"predecessor-version":[{"id":775,"href":"https:\/\/stage2.fes25.eu\/index.php?rest_route=\/wp\/v2\/pages\/191\/revisions\/775"}],"wp:attachment":[{"href":"https:\/\/stage2.fes25.eu\/index.php?rest_route=%2Fwp%2Fv2%2Fmedia&parent=191"}],"curies":[{"name":"wp","href":"https:\/\/api.w.org\/{rel}","templated":true}]}}