{"id":193,"date":"2026-02-18T15:33:49","date_gmt":"2026-02-18T14:33:49","guid":{"rendered":"http:\/\/stage2.fes25.eu\/?page_id=193"},"modified":"2026-03-20T15:38:48","modified_gmt":"2026-03-20T14:38:48","slug":"trainingszeiten","status":"publish","type":"page","link":"https:\/\/stage2.fes25.eu\/?page_id=193","title":{"rendered":"Trainings- und Probetrainingszeiten"},"content":{"rendered":"\n<figure class=\"wp-block-table is-style-stripes\"><table class=\"has-fixed-layout\"><tbody><tr><td class=\"has-text-align-center\" data-align=\"center\"><strong>Abteilung<\/strong><\/td><td class=\"has-text-align-center\" data-align=\"center\"><strong>Dienstag<\/strong><\/td><td class=\"has-text-align-center\" data-align=\"center\"><strong>Mittwoch<\/strong><\/td><td class=\"has-text-align-center\" data-align=\"center\"><strong>Freitag<\/strong><\/td><td class=\"has-text-align-center\" data-align=\"center\"><strong>Donnerstag<\/strong><\/td><\/tr><tr><td class=\"has-text-align-center\" data-align=\"center\"><strong>Kugel<\/strong><\/td><td class=\"has-text-align-center\" data-align=\"center\">19:00 &#8211; 22:00 Uhr <br>Jugend &amp; Erwachsene<\/td><td class=\"has-text-align-center\" data-align=\"center\"><\/td><td class=\"has-text-align-center\" data-align=\"center\">18:00 -19:00 Gastschie\u00dfen nur nach Vereinbarung<br>19:00 &#8211; 22:00 Uhr <br>Jugend &amp; Erwachsene<\/td><td class=\"has-text-align-center\" data-align=\"center\"><\/td><\/tr><tr><td class=\"has-text-align-center\" data-align=\"center\"><strong>Bogen<\/strong><\/td><td class=\"has-text-align-center\" data-align=\"center\">17:30 &#8211; 18:30 Uhr Familien<br>18:30 &#8211; 22:00 Uhr Erwachsene<\/td><td class=\"has-text-align-center\" data-align=\"center\"><\/td><td class=\"has-text-align-center\" data-align=\"center\">17:00 &#8211; 18:00 Uhr Jungend<br>18:00 &#8211; 22:00 Uhr Erwachsene<\/td><td class=\"has-text-align-center\" data-align=\"center\">18:30 &#8211; 22:00 Uhr Sondertraining nur nach Vereinbarung<\/td><\/tr><tr><td class=\"has-text-align-center\" data-align=\"center\"><strong>Blasrohr<\/strong><\/td><td class=\"has-text-align-center\" data-align=\"center\"><\/td><td class=\"has-text-align-center\" data-align=\"center\">19:00-21:00 Uhr <br>Erwachsene &amp; Jugend<\/td><td class=\"has-text-align-center\" data-align=\"center\"><\/td><td class=\"has-text-align-center\" data-align=\"center\"><\/td><\/tr><tr><td class=\"has-text-align-center\" data-align=\"center\"><strong>Airsoft<\/strong><\/td><td class=\"has-text-align-center\" data-align=\"center\"><\/td><td class=\"has-text-align-center\" data-align=\"center\"><\/td><td class=\"has-text-align-center\" data-align=\"center\">17:00 &#8211; 19:00 Uhr<br>Jugend &amp; Erwachsene<\/td><td class=\"has-text-align-center\" data-align=\"center\"><\/td><\/tr><tr><td class=\"has-text-align-center\" data-align=\"center\"><strong>Luftdruck<\/strong><\/td><td class=\"has-text-align-center\" data-align=\"center\">18:00 &#8211; 22:00 Uhr<br>Jugend &amp; Erwachsene<\/td><td class=\"has-text-align-center\" data-align=\"center\"><\/td><td class=\"has-text-align-center\" data-align=\"center\">17:00 &#8211; 22:00 Uhr<br>Jugend &amp; Erwachsene<\/td><td class=\"has-text-align-center\" data-align=\"center\"><\/td><\/tr><\/tbody><\/table><figcaption class=\"wp-element-caption\"><strong>W\u00e4hrend den gesamten Schulferien findet im Bereich Bogenschie\u00dfen KEIN Jugendtraining und Sondertraining statt. <\/strong><strong>F\u00fcr Extratraining (z.B. Vorbereitung auf Wettk\u00e4mpfe) und Probetraining k\u00f6nnen sich die Schie\u00dfzeiten nach Absprachen \u00e4ndern<\/strong><\/figcaption><\/figure>\n\n\n\n<h5 class=\"wp-block-heading\">Probetraining f\u00fcr Interessierte<\/h5>\n\n\n\n<p>Wir freuen uns sehr, dass du den Sch\u00fctzenverein Eisingen e.V. kennenlernen m\u00f6chtest! Ein Probetraining ist der beste Weg, um unseren Verein, unsere Schie\u00dfanlagen und die verschiedenen Disziplinen ganz unverbindlich auszuprobieren.<\/p>\n\n\n\n<p>Schreib uns einfach eine kurze Nachricht an <span class=\"safe-email\" data-email=\"info@schuetzenverein-eisingen.de\"><\/span>\n    <script>\n        document.addEventListener(\"DOMContentLoaded\", function() {\n            document.querySelectorAll(\".safe-email\").forEach(function(el) {\n                var email = el.getAttribute(\"data-email\");\n                el.innerHTML = \"<a href=mailto:\" + email + \">\" + email + \"<\/a>\";\n            });\n        });\n    <\/script> \u2013 wir melden uns schnellstm\u00f6glich bei dir zur\u00fcck, beantworten deine Fragen und finden gemeinsam einen passenden Termin.<\/p>\n\n\n\n<p>F\u00fcr Gastsch\u00fctzen f\u00e4llt eine <strong>Standgeb\u00fchr von 10\u202f\u20ac<\/strong> an. Damit decken wir die wichtigsten Unkosten wie  Schie\u00dfscheiben und Leihausr\u00fcstung ab, so dass du ohne gro\u00dfen Aufwand direkt loslegen kannst. Munition zum <strong>sofortigen<\/strong> Verbrauch auf dem Schie\u00dfstand kann im Verein erworben werden.<\/p>\n\n\n\n<p>Wenn du lieber pers\u00f6nlich mit einem Vorstandsmitglied sprechen m\u00f6chtest, nehmen wir uns selbstverst\u00e4ndlich Zeit f\u00fcr dich. Nach vorheriger Absprache kannst du uns im Vereinsheim besuchen, dir die Anlage in Ruhe anschauen und dich umfassend informieren. So bekommst du einen authentischen Eindruck davon, wie wir trainieren, worauf wir Wert legen und was unseren Verein ausmacht.<\/p>\n\n\n\n<p><\/p>\n\n\n\n<p><\/p>\n\n\n\n<p><\/p>\n","protected":false},"excerpt":{"rendered":"<p>Abteilung Dienstag Mittwoch Freitag Donnerstag Kugel 19:00 &#8211; 22:00 Uhr Jugend &amp; Erwachsene 18:00 -19:00 Gastschie\u00dfen nur nach Vereinbarung19:00 &#8211; [&hellip;]<\/p>\n","protected":false},"author":1,"featured_media":234,"parent":0,"menu_order":0,"comment_status":"closed","ping_status":"closed","template":"","meta":{"site-sidebar-layout":"default","site-content-layout":"","ast-site-content-layout":"default","site-content-style":"default","site-sidebar-style":"default","ast-global-header-display":"","ast-banner-title-visibility":"","ast-main-header-display":"","ast-hfb-above-header-display":"","ast-hfb-below-header-display":"","ast-hfb-mobile-header-display":"","site-post-title":"","ast-breadcrumbs-content":"","ast-featured-img":"disabled","footer-sml-layout":"","ast-disable-related-posts":"","theme-transparent-header-meta":"","adv-header-id-meta":"","stick-header-meta":"","header-above-stick-meta":"","header-main-stick-meta":"","header-below-stick-meta":"","astra-migrate-meta-layouts":"default","ast-page-background-enabled":"default","ast-page-background-meta":{"desktop":{"background-color":"var(--ast-global-color-5)","background-image":"","background-repeat":"repeat","background-position":"center center","background-size":"auto","background-attachment":"scroll","background-type":"","background-media":"","overlay-type":"","overlay-color":"","overlay-opacity":"","overlay-gradient":""},"tablet":{"background-color":"","background-image":"","background-repeat":"repeat","background-position":"center center","background-size":"auto","background-attachment":"scroll","background-type":"","background-media":"","overlay-type":"","overlay-color":"","overlay-opacity":"","overlay-gradient":""},"mobile":{"background-color":"","background-image":"","background-repeat":"repeat","background-position":"center center","background-size":"auto","background-attachment":"scroll","background-type":"","background-media":"","overlay-type":"","overlay-color":"","overlay-opacity":"","overlay-gradient":""}},"ast-content-background-meta":{"desktop":{"background-color":"var(--ast-global-color-4)","background-image":"","background-repeat":"repeat","background-position":"center center","background-size":"auto","background-attachment":"scroll","background-type":"","background-media":"","overlay-type":"","overlay-color":"","overlay-opacity":"","overlay-gradient":""},"tablet":{"background-color":"var(--ast-global-color-4)","background-image":"","background-repeat":"repeat","background-position":"center center","background-size":"auto","background-attachment":"scroll","background-type":"","background-media":"","overlay-type":"","overlay-color":"","overlay-opacity":"","overlay-gradient":""},"mobile":{"background-color":"var(--ast-global-color-4)","background-image":"","background-repeat":"repeat","background-position":"center center","background-size":"auto","background-attachment":"scroll","background-type":"","background-media":"","overlay-type":"","overlay-color":"","overlay-opacity":"","overlay-gradient":""}},"footnotes":""},"class_list":["post-193","page","type-page","status-publish","has-post-thumbnail","hentry"],"_links":{"self":[{"href":"https:\/\/stage2.fes25.eu\/index.php?rest_route=\/wp\/v2\/pages\/193","targetHints":{"allow":["GET"]}}],"collection":[{"href":"https:\/\/stage2.fes25.eu\/index.php?rest_route=\/wp\/v2\/pages"}],"about":[{"href":"https:\/\/stage2.fes25.eu\/index.php?rest_route=\/wp\/v2\/types\/page"}],"author":[{"embeddable":true,"href":"https:\/\/stage2.fes25.eu\/index.php?rest_route=\/wp\/v2\/users\/1"}],"replies":[{"embeddable":true,"href":"https:\/\/stage2.fes25.eu\/index.php?rest_route=%2Fwp%2Fv2%2Fcomments&post=193"}],"version-history":[{"count":40,"href":"https:\/\/stage2.fes25.eu\/index.php?rest_route=\/wp\/v2\/pages\/193\/revisions"}],"predecessor-version":[{"id":1065,"href":"https:\/\/stage2.fes25.eu\/index.php?rest_route=\/wp\/v2\/pages\/193\/revisions\/1065"}],"wp:featuredmedia":[{"embeddable":true,"href":"https:\/\/stage2.fes25.eu\/index.php?rest_route=\/wp\/v2\/media\/234"}],"wp:attachment":[{"href":"https:\/\/stage2.fes25.eu\/index.php?rest_route=%2Fwp%2Fv2%2Fmedia&parent=193"}],"curies":[{"name":"wp","href":"https:\/\/api.w.org\/{rel}","templated":true}]}}