{"id":472,"date":"2026-02-23T20:16:28","date_gmt":"2026-02-23T19:16:28","guid":{"rendered":"https:\/\/stage2.fes25.eu\/?page_id=472"},"modified":"2026-02-23T20:25:38","modified_gmt":"2026-02-23T19:25:38","slug":"nuetzliche-links-fuer-sportschuetzen-im-sk-13-pforzheim","status":"publish","type":"page","link":"https:\/\/stage2.fes25.eu\/?page_id=472","title":{"rendered":"N\u00fctzliche Links f\u00fcr Sportsch\u00fctzen im SK 13 Pforzheim"},"content":{"rendered":"\n<p>Der <a href=\"https:\/\/www.rwk-onlinemelder.de\/online\/listen\/bsvssk13\">RWK Onlinemelder<\/a>  &#8211; BSV Sch\u00fctzenkreis 13 Pforzheim<\/p>\n\n\n\n<p>Seite des <a href=\"https:\/\/www.schuetzenkreis-pforzheim.de\/\">Sch\u00fctzenkreis 13 Pforzheim<\/a><\/p>\n\n\n\n<p>Offene <a href=\"https:\/\/bsvleimen.de\/schiesssport\/offene-ausschreibungen-kugel\/\">Ausschreibungen<\/a> des BSV<\/p>\n\n\n\n<p><a href=\"https:\/\/bsvleimen.de\/schiesssport\/disziplinenkugel\/\">Disziplinen Kugel <\/a>und  <a href=\"https:\/\/bsvleimen.de\/disziplinenbogen\/\">Disziplinen Bogen<\/a>  im BSV und die <a href=\"https:\/\/www.dsb.de\/der-verband\/ueber-uns\/statuten\/sportordnung-national\">DSB-Sportordnung<\/a><\/p>\n\n\n\n<p>Das <a href=\"https:\/\/www.bdsnet.de\/standard\/sporthandbuch.html\">Sporthandbuch<\/a> des BDS<\/p>\n\n\n\n<p>Das <a href=\"https:\/\/mtool2.gsvbw.de\/login\">Meldetool BDS<\/a> f\u00fcr Wettbewerbe<\/p>\n","protected":false},"excerpt":{"rendered":"<p>Der RWK Onlinemelder &#8211; BSV Sch\u00fctzenkreis 13 Pforzheim Seite des Sch\u00fctzenkreis 13 Pforzheim Offene Ausschreibungen des BSV Disziplinen Kugel und [&hellip;]<\/p>\n","protected":false},"author":1,"featured_media":0,"parent":0,"menu_order":0,"comment_status":"closed","ping_status":"closed","template":"","meta":{"site-sidebar-layout":"default","site-content-layout":"","ast-site-content-layout":"default","site-content-style":"default","site-sidebar-style":"default","ast-global-header-display":"","ast-banner-title-visibility":"","ast-main-header-display":"","ast-hfb-above-header-display":"","ast-hfb-below-header-display":"","ast-hfb-mobile-header-display":"","site-post-title":"","ast-breadcrumbs-content":"","ast-featured-img":"","footer-sml-layout":"","ast-disable-related-posts":"","theme-transparent-header-meta":"","adv-header-id-meta":"","stick-header-meta":"","header-above-stick-meta":"","header-main-stick-meta":"","header-below-stick-meta":"","astra-migrate-meta-layouts":"default","ast-page-background-enabled":"default","ast-page-background-meta":{"desktop":{"background-color":"var(--ast-global-color-5)","background-image":"","background-repeat":"repeat","background-position":"center center","background-size":"auto","background-attachment":"scroll","background-type":"","background-media":"","overlay-type":"","overlay-color":"","overlay-opacity":"","overlay-gradient":""},"tablet":{"background-color":"","background-image":"","background-repeat":"repeat","background-position":"center center","background-size":"auto","background-attachment":"scroll","background-type":"","background-media":"","overlay-type":"","overlay-color":"","overlay-opacity":"","overlay-gradient":""},"mobile":{"background-color":"","background-image":"","background-repeat":"repeat","background-position":"center center","background-size":"auto","background-attachment":"scroll","background-type":"","background-media":"","overlay-type":"","overlay-color":"","overlay-opacity":"","overlay-gradient":""}},"ast-content-background-meta":{"desktop":{"background-color":"var(--ast-global-color-4)","background-image":"","background-repeat":"repeat","background-position":"center center","background-size":"auto","background-attachment":"scroll","background-type":"","background-media":"","overlay-type":"","overlay-color":"","overlay-opacity":"","overlay-gradient":""},"tablet":{"background-color":"var(--ast-global-color-4)","background-image":"","background-repeat":"repeat","background-position":"center center","background-size":"auto","background-attachment":"scroll","background-type":"","background-media":"","overlay-type":"","overlay-color":"","overlay-opacity":"","overlay-gradient":""},"mobile":{"background-color":"var(--ast-global-color-4)","background-image":"","background-repeat":"repeat","background-position":"center center","background-size":"auto","background-attachment":"scroll","background-type":"","background-media":"","overlay-type":"","overlay-color":"","overlay-opacity":"","overlay-gradient":""}},"footnotes":""},"class_list":["post-472","page","type-page","status-publish","hentry"],"_links":{"self":[{"href":"https:\/\/stage2.fes25.eu\/index.php?rest_route=\/wp\/v2\/pages\/472","targetHints":{"allow":["GET"]}}],"collection":[{"href":"https:\/\/stage2.fes25.eu\/index.php?rest_route=\/wp\/v2\/pages"}],"about":[{"href":"https:\/\/stage2.fes25.eu\/index.php?rest_route=\/wp\/v2\/types\/page"}],"author":[{"embeddable":true,"href":"https:\/\/stage2.fes25.eu\/index.php?rest_route=\/wp\/v2\/users\/1"}],"replies":[{"embeddable":true,"href":"https:\/\/stage2.fes25.eu\/index.php?rest_route=%2Fwp%2Fv2%2Fcomments&post=472"}],"version-history":[{"count":3,"href":"https:\/\/stage2.fes25.eu\/index.php?rest_route=\/wp\/v2\/pages\/472\/revisions"}],"predecessor-version":[{"id":479,"href":"https:\/\/stage2.fes25.eu\/index.php?rest_route=\/wp\/v2\/pages\/472\/revisions\/479"}],"wp:attachment":[{"href":"https:\/\/stage2.fes25.eu\/index.php?rest_route=%2Fwp%2Fv2%2Fmedia&parent=472"}],"curies":[{"name":"wp","href":"https:\/\/api.w.org\/{rel}","templated":true}]}}