{"id":52,"date":"2026-02-18T15:15:34","date_gmt":"2026-02-18T14:15:34","guid":{"rendered":"http:\/\/stage2.fes25.eu\/?page_id=52"},"modified":"2026-03-13T14:54:24","modified_gmt":"2026-03-13T13:54:24","slug":"unser-verein","status":"publish","type":"page","link":"https:\/\/stage2.fes25.eu\/?page_id=52","title":{"rendered":"Verein"},"content":{"rendered":"\n<p>Der Sch\u00fctzenverein Eisingen e.V., gegr\u00fcndet im Jahr 1960, blickt auf eine lange und traditionsreiche Vereinsgeschichte zur\u00fcck. Seit jeher bietet der Verein vielf\u00e4ltige Aktivit\u00e4ten rund um den Schie\u00dfsport und l\u00e4dt Jung wie Alt dazu ein, ihre F\u00e4higkeiten zu entdecken und weiterzuentwickeln. Dabei stehen nicht nur sportliche Leistungen im Mittelpunkt, sondern vor allem auch Spa\u00df und Gemeinschaft, die den Verein bis heute pr\u00e4gen.<\/p>\n\n\n\n<figure class=\"wp-block-gallery has-nested-images columns-default is-cropped wp-block-gallery-1 is-layout-flex wp-block-gallery-is-layout-flex\">\n<figure class=\"wp-block-image size-large\"><img loading=\"lazy\" decoding=\"async\" width=\"576\" height=\"576\" data-id=\"143\" src=\"https:\/\/stage2.fes25.eu\/wp-content\/uploads\/2026\/02\/1000013031.jpeg\" alt=\"\" class=\"wp-image-143\" srcset=\"https:\/\/stage2.fes25.eu\/wp-content\/uploads\/2026\/02\/1000013031.jpeg 576w, https:\/\/stage2.fes25.eu\/wp-content\/uploads\/2026\/02\/1000013031-300x300.jpeg 300w, https:\/\/stage2.fes25.eu\/wp-content\/uploads\/2026\/02\/1000013031-150x150.jpeg 150w\" sizes=\"auto, (max-width: 576px) 100vw, 576px\" \/><\/figure>\n\n\n\n<figure class=\"wp-block-image size-large\"><img loading=\"lazy\" decoding=\"async\" width=\"1024\" height=\"577\" data-id=\"140\" src=\"https:\/\/stage2.fes25.eu\/wp-content\/uploads\/2026\/02\/eb23251b-bfe6-4e5d-bed6-e405fdb4fe3c-1024x577.jpeg\" alt=\"\" class=\"wp-image-140\" srcset=\"https:\/\/stage2.fes25.eu\/wp-content\/uploads\/2026\/02\/eb23251b-bfe6-4e5d-bed6-e405fdb4fe3c-1024x577.jpeg 1024w, https:\/\/stage2.fes25.eu\/wp-content\/uploads\/2026\/02\/eb23251b-bfe6-4e5d-bed6-e405fdb4fe3c-300x169.jpeg 300w, https:\/\/stage2.fes25.eu\/wp-content\/uploads\/2026\/02\/eb23251b-bfe6-4e5d-bed6-e405fdb4fe3c-768x432.jpeg 768w, https:\/\/stage2.fes25.eu\/wp-content\/uploads\/2026\/02\/eb23251b-bfe6-4e5d-bed6-e405fdb4fe3c-1536x865.jpeg 1536w, https:\/\/stage2.fes25.eu\/wp-content\/uploads\/2026\/02\/eb23251b-bfe6-4e5d-bed6-e405fdb4fe3c.jpeg 2000w\" sizes=\"auto, (max-width: 1024px) 100vw, 1024px\" \/><\/figure>\n\n\n\n<figure class=\"wp-block-image size-large\"><img loading=\"lazy\" decoding=\"async\" width=\"1024\" height=\"768\" data-id=\"138\" src=\"https:\/\/stage2.fes25.eu\/wp-content\/uploads\/2026\/02\/3407bb23-1100-4f8d-9413-ecfd3e5b7039-1024x768.jpeg\" alt=\"\" class=\"wp-image-138\" srcset=\"https:\/\/stage2.fes25.eu\/wp-content\/uploads\/2026\/02\/3407bb23-1100-4f8d-9413-ecfd3e5b7039-1024x768.jpeg 1024w, https:\/\/stage2.fes25.eu\/wp-content\/uploads\/2026\/02\/3407bb23-1100-4f8d-9413-ecfd3e5b7039-300x225.jpeg 300w, https:\/\/stage2.fes25.eu\/wp-content\/uploads\/2026\/02\/3407bb23-1100-4f8d-9413-ecfd3e5b7039-768x576.jpeg 768w, https:\/\/stage2.fes25.eu\/wp-content\/uploads\/2026\/02\/3407bb23-1100-4f8d-9413-ecfd3e5b7039-1536x1152.jpeg 1536w, https:\/\/stage2.fes25.eu\/wp-content\/uploads\/2026\/02\/3407bb23-1100-4f8d-9413-ecfd3e5b7039.jpeg 1600w\" sizes=\"auto, (max-width: 1024px) 100vw, 1024px\" \/><\/figure>\n\n\n\n<figure class=\"wp-block-image size-large\"><img loading=\"lazy\" decoding=\"async\" width=\"1024\" height=\"768\" data-id=\"134\" src=\"https:\/\/stage2.fes25.eu\/wp-content\/uploads\/2026\/02\/b4d19173-a44a-40dc-837a-5123ab9dd26f-1024x768.jpeg\" alt=\"\" class=\"wp-image-134\" srcset=\"https:\/\/stage2.fes25.eu\/wp-content\/uploads\/2026\/02\/b4d19173-a44a-40dc-837a-5123ab9dd26f-1024x768.jpeg 1024w, https:\/\/stage2.fes25.eu\/wp-content\/uploads\/2026\/02\/b4d19173-a44a-40dc-837a-5123ab9dd26f-300x225.jpeg 300w, https:\/\/stage2.fes25.eu\/wp-content\/uploads\/2026\/02\/b4d19173-a44a-40dc-837a-5123ab9dd26f-768x576.jpeg 768w, https:\/\/stage2.fes25.eu\/wp-content\/uploads\/2026\/02\/b4d19173-a44a-40dc-837a-5123ab9dd26f-1536x1152.jpeg 1536w, https:\/\/stage2.fes25.eu\/wp-content\/uploads\/2026\/02\/b4d19173-a44a-40dc-837a-5123ab9dd26f.jpeg 1600w\" sizes=\"auto, (max-width: 1024px) 100vw, 1024px\" \/><\/figure>\n\n\n\n<figure class=\"wp-block-image size-large\"><img loading=\"lazy\" decoding=\"async\" width=\"768\" height=\"1024\" data-id=\"55\" src=\"https:\/\/stage2.fes25.eu\/wp-content\/uploads\/2026\/02\/158e977f-042f-41dd-bb21-492747a9531e-768x1024.jpg\" alt=\"\" class=\"wp-image-55\" srcset=\"https:\/\/stage2.fes25.eu\/wp-content\/uploads\/2026\/02\/158e977f-042f-41dd-bb21-492747a9531e-768x1024.jpg 768w, https:\/\/stage2.fes25.eu\/wp-content\/uploads\/2026\/02\/158e977f-042f-41dd-bb21-492747a9531e-225x300.jpg 225w, https:\/\/stage2.fes25.eu\/wp-content\/uploads\/2026\/02\/158e977f-042f-41dd-bb21-492747a9531e-1152x1536.jpg 1152w, https:\/\/stage2.fes25.eu\/wp-content\/uploads\/2026\/02\/158e977f-042f-41dd-bb21-492747a9531e.jpg 1500w\" sizes=\"auto, (max-width: 768px) 100vw, 768px\" \/><\/figure>\n\n\n\n<figure class=\"wp-block-image size-large\"><img loading=\"lazy\" decoding=\"async\" width=\"1024\" height=\"576\" data-id=\"139\" src=\"https:\/\/stage2.fes25.eu\/wp-content\/uploads\/2026\/02\/397826d8-09df-4878-863f-c89274c713d1-1024x576.jpeg\" alt=\"\" class=\"wp-image-139\" srcset=\"https:\/\/stage2.fes25.eu\/wp-content\/uploads\/2026\/02\/397826d8-09df-4878-863f-c89274c713d1-1024x576.jpeg 1024w, https:\/\/stage2.fes25.eu\/wp-content\/uploads\/2026\/02\/397826d8-09df-4878-863f-c89274c713d1-300x169.jpeg 300w, https:\/\/stage2.fes25.eu\/wp-content\/uploads\/2026\/02\/397826d8-09df-4878-863f-c89274c713d1-768x432.jpeg 768w, https:\/\/stage2.fes25.eu\/wp-content\/uploads\/2026\/02\/397826d8-09df-4878-863f-c89274c713d1-1536x864.jpeg 1536w, https:\/\/stage2.fes25.eu\/wp-content\/uploads\/2026\/02\/397826d8-09df-4878-863f-c89274c713d1.jpeg 1600w\" sizes=\"auto, (max-width: 1024px) 100vw, 1024px\" \/><\/figure>\n<\/figure>\n\n\n\n<p>So finden sie uns: bei Google nach &#8222;WMQG+G8 Eisingen&#8220; suchen oder <a href=\"https:\/\/www.google.com\/maps\/place\/Sch\u00fctzenverein+Eisingen+e.V.\/@48.9388597,8.6732232,706m\/data=!3m2!1e3!4b1!4m6!3m5!1s0x4797739f37c3685b:0x1618e8b9a7804f37!8m2!3d48.9388562!4d8.6757981!16s%2Fg%2F11clyblgyw!5m1!1e1?entry=ttu&amp;g_ep=EgoyMDI2MDIyMi4wIKXMDSoASAFQAw%3D%3D\">Karte<\/a><\/p>\n\n\n\n<h5 class=\"wp-block-heading\">Entdecke spannende Disziplinen \u2013 probiere dich aus!<\/h5>\n\n\n\n<p>Du m\u00f6chtest in deiner Freizeit etwas Neues ausprobieren, Spa\u00df haben und dabei vielleicht sogar eine neue Leidenschaft entdecken? Dann bist du bei uns genau richtig! Unser Verein bietet dir die M\u00f6glichkeit, eine gro\u00dfe Vielfalt an Disziplinen kennenzulernen und selbst auszuprobieren.<\/p>\n\n\n\n<p>Ob du Action, Konzentration oder ruhige Pr\u00e4zision bevorzugst \u2013 hier ist garantiert etwas f\u00fcr dich dabei:<\/p>\n\n\n\n<ul class=\"wp-block-list\">\n<li><strong>Airsoft<\/strong> \u2013 Taktik, Teamgeist und Action in einer sicheren, kontrollierten Umgebung.<\/li>\n\n\n\n<li><strong>Blasrohrschie\u00dfen<\/strong> \u2013 \u00fcberraschend pr\u00e4zise, meditativ und perfekt f\u00fcr jedes Alter.<\/li>\n\n\n\n<li><strong>Bogenschie\u00dfen<\/strong> \u2013 Fokus, K\u00f6rpergef\u00fchl und Technik vereint in einer traditionsreichen Sportart.<\/li>\n\n\n\n<li><strong>Gro\u00df- und Kleinkaliber<\/strong> \u2013 sportliches Schie\u00dfen f\u00fcr Einsteiger und Fortgeschrittene unter fachkundiger Anleitung.<\/li>\n\n\n\n<li><strong>Luftgewehr<\/strong> \u2013 ideal f\u00fcr den Einstieg in den Schie\u00dfsport, mit viel Ruhe und Pr\u00e4zision.<\/li>\n\n\n\n<li>\u2026und vieles mehr!<\/li>\n<\/ul>\n\n\n\n<p>Bei uns kommt garantiert keine Langeweile auf.<\/p>\n\n\n\n<h5 class=\"wp-block-heading\"><strong>Einfach reinschauen und loslegen<\/strong><\/h5>\n\n\n\n<p>Du kannst dich hier auf unserer Seite in Ruhe umsehen und st\u00f6bern. Wenn eine Disziplin dein Interesse weckt oder du Fragen hast:<\/p>\n\n\n\n<p>\ud83d\udc49 <strong>Melde dich einfach bei uns!<\/strong><br>Wir freuen uns auf dich und zeigen dir gerne alles vor Ort.<\/p>\n\n\n\n<p><\/p>\n","protected":false},"excerpt":{"rendered":"<p>Der Sch\u00fctzenverein Eisingen e.V., gegr\u00fcndet im Jahr 1960, blickt auf eine lange und traditionsreiche Vereinsgeschichte zur\u00fcck. Seit jeher bietet der [&hellip;]<\/p>\n","protected":false},"author":1,"featured_media":0,"parent":0,"menu_order":0,"comment_status":"closed","ping_status":"closed","template":"","meta":{"site-sidebar-layout":"default","site-content-layout":"","ast-site-content-layout":"default","site-content-style":"default","site-sidebar-style":"default","ast-global-header-display":"","ast-banner-title-visibility":"","ast-main-header-display":"","ast-hfb-above-header-display":"","ast-hfb-below-header-display":"","ast-hfb-mobile-header-display":"","site-post-title":"","ast-breadcrumbs-content":"","ast-featured-img":"","footer-sml-layout":"","ast-disable-related-posts":"","theme-transparent-header-meta":"","adv-header-id-meta":"","stick-header-meta":"","header-above-stick-meta":"","header-main-stick-meta":"","header-below-stick-meta":"","astra-migrate-meta-layouts":"default","ast-page-background-enabled":"default","ast-page-background-meta":{"desktop":{"background-color":"var(--ast-global-color-5)","background-image":"","background-repeat":"repeat","background-position":"center center","background-size":"auto","background-attachment":"scroll","background-type":"","background-media":"","overlay-type":"","overlay-color":"","overlay-opacity":"","overlay-gradient":""},"tablet":{"background-color":"","background-image":"","background-repeat":"repeat","background-position":"center center","background-size":"auto","background-attachment":"scroll","background-type":"","background-media":"","overlay-type":"","overlay-color":"","overlay-opacity":"","overlay-gradient":""},"mobile":{"background-color":"","background-image":"","background-repeat":"repeat","background-position":"center center","background-size":"auto","background-attachment":"scroll","background-type":"","background-media":"","overlay-type":"","overlay-color":"","overlay-opacity":"","overlay-gradient":""}},"ast-content-background-meta":{"desktop":{"background-color":"var(--ast-global-color-4)","background-image":"","background-repeat":"repeat","background-position":"center center","background-size":"auto","background-attachment":"scroll","background-type":"","background-media":"","overlay-type":"","overlay-color":"","overlay-opacity":"","overlay-gradient":""},"tablet":{"background-color":"var(--ast-global-color-4)","background-image":"","background-repeat":"repeat","background-position":"center center","background-size":"auto","background-attachment":"scroll","background-type":"","background-media":"","overlay-type":"","overlay-color":"","overlay-opacity":"","overlay-gradient":""},"mobile":{"background-color":"var(--ast-global-color-4)","background-image":"","background-repeat":"repeat","background-position":"center center","background-size":"auto","background-attachment":"scroll","background-type":"","background-media":"","overlay-type":"","overlay-color":"","overlay-opacity":"","overlay-gradient":""}},"footnotes":""},"class_list":["post-52","page","type-page","status-publish","hentry"],"_links":{"self":[{"href":"https:\/\/stage2.fes25.eu\/index.php?rest_route=\/wp\/v2\/pages\/52","targetHints":{"allow":["GET"]}}],"collection":[{"href":"https:\/\/stage2.fes25.eu\/index.php?rest_route=\/wp\/v2\/pages"}],"about":[{"href":"https:\/\/stage2.fes25.eu\/index.php?rest_route=\/wp\/v2\/types\/page"}],"author":[{"embeddable":true,"href":"https:\/\/stage2.fes25.eu\/index.php?rest_route=\/wp\/v2\/users\/1"}],"replies":[{"embeddable":true,"href":"https:\/\/stage2.fes25.eu\/index.php?rest_route=%2Fwp%2Fv2%2Fcomments&post=52"}],"version-history":[{"count":7,"href":"https:\/\/stage2.fes25.eu\/index.php?rest_route=\/wp\/v2\/pages\/52\/revisions"}],"predecessor-version":[{"id":1020,"href":"https:\/\/stage2.fes25.eu\/index.php?rest_route=\/wp\/v2\/pages\/52\/revisions\/1020"}],"wp:attachment":[{"href":"https:\/\/stage2.fes25.eu\/index.php?rest_route=%2Fwp%2Fv2%2Fmedia&parent=52"}],"curies":[{"name":"wp","href":"https:\/\/api.w.org\/{rel}","templated":true}]}}