{"id":722,"date":"2026-03-06T13:33:26","date_gmt":"2026-03-06T12:33:26","guid":{"rendered":"https:\/\/stage2.fes25.eu\/?page_id=722"},"modified":"2026-03-09T19:40:43","modified_gmt":"2026-03-09T18:40:43","slug":"verband","status":"publish","type":"page","link":"https:\/\/stage2.fes25.eu\/?page_id=722","title":{"rendered":"Verband"},"content":{"rendered":"\n<p><strong>Unsere \u00fcbergeordneten Verb\u00e4nde der Sportsch\u00fctzen aller Disziplinen<\/strong><\/p>\n\n\n\n<ul class=\"wp-block-list\">\n<li><a href=\"https:\/\/www.dsb.de\/\">Deutscher Sch\u00fctzenbund (DSB)<\/a><\/li>\n\n\n\n<li><a href=\"https:\/\/www.bdsnet.de\/\">Bund Deutscher Sportsch\u00fctzen<\/a><\/li>\n\n\n\n<li>Badischer Sportsch\u00fctzenverband \u2013&nbsp;<a href=\"https:\/\/bsvleimen.de\/\">BSV Leimen<\/a><\/li>\n\n\n\n<li><a href=\"https:\/\/www.schuetzenkreis-pforzheim.de\/\">Sch\u00fctzenkreis Pforzheim e.V. \u2013 Home<\/a><\/li>\n\n\n\n<li>Bundesverwaltungsamt &#8211; genehmigte Schie\u00dfsportordnungen des Deutschen Sch\u00fctzenbundes e.V.\n<ul class=\"wp-block-list\">\n<li><a href=\"https:\/\/www.bva.bund.de\/SharedDocs\/Downloads\/DE\/Buerger\/Ausweis-Dokumente-Recht\/Waffenrecht\/Schiesssport\/dsb_sportordnung.pdf?__blob=publicationFile&amp;v=5\">https:\/\/www.bva.bund.de\/SharedDocs\/Downloads\/DE\/Buerger\/Ausweis-Dokumente-Recht\/Waffenrecht\/Schiesssport\/dsb_sportordnung.pdf?__blob=publicationFile&amp;v=5<\/a><\/li>\n<\/ul>\n<\/li>\n<\/ul>\n\n\n\n<figure class=\"wp-block-image size-large is-resized\"><img loading=\"lazy\" decoding=\"async\" width=\"1024\" height=\"312\" src=\"https:\/\/stage2.fes25.eu\/wp-content\/uploads\/2026\/03\/Screenshot-2026-03-06-135305-1024x312.jpg\" alt=\"\" class=\"wp-image-735\" style=\"aspect-ratio:3.282165573195773;width:702px;height:auto\" srcset=\"https:\/\/stage2.fes25.eu\/wp-content\/uploads\/2026\/03\/Screenshot-2026-03-06-135305-1024x312.jpg 1024w, https:\/\/stage2.fes25.eu\/wp-content\/uploads\/2026\/03\/Screenshot-2026-03-06-135305-300x91.jpg 300w, https:\/\/stage2.fes25.eu\/wp-content\/uploads\/2026\/03\/Screenshot-2026-03-06-135305-768x234.jpg 768w, https:\/\/stage2.fes25.eu\/wp-content\/uploads\/2026\/03\/Screenshot-2026-03-06-135305.jpg 1054w\" sizes=\"auto, (max-width: 1024px) 100vw, 1024px\" \/><\/figure>\n\n\n\n<p><\/p>\n","protected":false},"excerpt":{"rendered":"<p>Unsere \u00fcbergeordneten Verb\u00e4nde der Sportsch\u00fctzen aller Disziplinen<\/p>\n","protected":false},"author":1,"featured_media":0,"parent":0,"menu_order":0,"comment_status":"closed","ping_status":"closed","template":"","meta":{"site-sidebar-layout":"default","site-content-layout":"","ast-site-content-layout":"default","site-content-style":"default","site-sidebar-style":"default","ast-global-header-display":"","ast-banner-title-visibility":"","ast-main-header-display":"","ast-hfb-above-header-display":"","ast-hfb-below-header-display":"","ast-hfb-mobile-header-display":"","site-post-title":"","ast-breadcrumbs-content":"","ast-featured-img":"","footer-sml-layout":"","ast-disable-related-posts":"","theme-transparent-header-meta":"","adv-header-id-meta":"","stick-header-meta":"","header-above-stick-meta":"","header-main-stick-meta":"","header-below-stick-meta":"","astra-migrate-meta-layouts":"default","ast-page-background-enabled":"default","ast-page-background-meta":{"desktop":{"background-color":"var(--ast-global-color-5)","background-image":"","background-repeat":"repeat","background-position":"center center","background-size":"auto","background-attachment":"scroll","background-type":"","background-media":"","overlay-type":"","overlay-color":"","overlay-opacity":"","overlay-gradient":""},"tablet":{"background-color":"","background-image":"","background-repeat":"repeat","background-position":"center center","background-size":"auto","background-attachment":"scroll","background-type":"","background-media":"","overlay-type":"","overlay-color":"","overlay-opacity":"","overlay-gradient":""},"mobile":{"background-color":"","background-image":"","background-repeat":"repeat","background-position":"center center","background-size":"auto","background-attachment":"scroll","background-type":"","background-media":"","overlay-type":"","overlay-color":"","overlay-opacity":"","overlay-gradient":""}},"ast-content-background-meta":{"desktop":{"background-color":"var(--ast-global-color-4)","background-image":"","background-repeat":"repeat","background-position":"center center","background-size":"auto","background-attachment":"scroll","background-type":"","background-media":"","overlay-type":"","overlay-color":"","overlay-opacity":"","overlay-gradient":""},"tablet":{"background-color":"var(--ast-global-color-4)","background-image":"","background-repeat":"repeat","background-position":"center center","background-size":"auto","background-attachment":"scroll","background-type":"","background-media":"","overlay-type":"","overlay-color":"","overlay-opacity":"","overlay-gradient":""},"mobile":{"background-color":"var(--ast-global-color-4)","background-image":"","background-repeat":"repeat","background-position":"center center","background-size":"auto","background-attachment":"scroll","background-type":"","background-media":"","overlay-type":"","overlay-color":"","overlay-opacity":"","overlay-gradient":""}},"footnotes":""},"class_list":["post-722","page","type-page","status-publish","hentry"],"_links":{"self":[{"href":"https:\/\/stage2.fes25.eu\/index.php?rest_route=\/wp\/v2\/pages\/722","targetHints":{"allow":["GET"]}}],"collection":[{"href":"https:\/\/stage2.fes25.eu\/index.php?rest_route=\/wp\/v2\/pages"}],"about":[{"href":"https:\/\/stage2.fes25.eu\/index.php?rest_route=\/wp\/v2\/types\/page"}],"author":[{"embeddable":true,"href":"https:\/\/stage2.fes25.eu\/index.php?rest_route=\/wp\/v2\/users\/1"}],"replies":[{"embeddable":true,"href":"https:\/\/stage2.fes25.eu\/index.php?rest_route=%2Fwp%2Fv2%2Fcomments&post=722"}],"version-history":[{"count":6,"href":"https:\/\/stage2.fes25.eu\/index.php?rest_route=\/wp\/v2\/pages\/722\/revisions"}],"predecessor-version":[{"id":876,"href":"https:\/\/stage2.fes25.eu\/index.php?rest_route=\/wp\/v2\/pages\/722\/revisions\/876"}],"wp:attachment":[{"href":"https:\/\/stage2.fes25.eu\/index.php?rest_route=%2Fwp%2Fv2%2Fmedia&parent=722"}],"curies":[{"name":"wp","href":"https:\/\/api.w.org\/{rel}","templated":true}]}}