{"id":834,"date":"2026-03-09T10:32:54","date_gmt":"2026-03-09T09:32:54","guid":{"rendered":"https:\/\/stage2.fes25.eu\/?page_id=834"},"modified":"2026-03-13T15:14:29","modified_gmt":"2026-03-13T14:14:29","slug":"bds-gruppe-eisingen","status":"publish","type":"page","link":"https:\/\/stage2.fes25.eu\/?page_id=834","title":{"rendered":"BDS Gruppe Eisingen"},"content":{"rendered":"\n<h5 class=\"wp-block-heading\">Stolz auf unsere eigene BDS\u2011Gruppe \u2013 ein starkes Kapitel in der Vereinsgeschichte<\/h5>\n\n\n\n<p>Als Verein sind wir besonders stolz darauf, beim <strong>Bund Deutscher Sportsch\u00fctzen (BDS)<\/strong> eine eigene Gruppe stellen zu k\u00f6nnen. Der 1975 gegr\u00fcndete BDS ist heute der gr\u00f6\u00dfte Sportsch\u00fctzenverband f\u00fcr erlaubnispflichtige Waffen in Deutschland und zugleich der zweitgr\u00f6\u00dfte Schie\u00dfsportverband des Landes. Teil dieser starken Gemeinschaft zu sein, ist f\u00fcr uns nicht nur eine Auszeichnung, sondern auch ein Zeichen daf\u00fcr, wie engagiert und verantwortungsbewusst unsere Mitglieder den Schie\u00dfsport leben.<\/p>\n\n\n\n<p>Mit unserer eigenen BDS\u2011Gruppe k\u00f6nnen wir unseren Sch\u00fctzinnen und Sch\u00fctzen ein breites sportliches Spektrum bieten \u2013 von modernen Disziplinen bis hin zu anspruchsvollen Wettkampfformen. Gleichzeitig unterstreicht die Anerkennung durch den Verband, dass wir als Verein zuverl\u00e4ssig, sicherheitsbewusst und organisatorisch stark aufgestellt sind.<\/p>\n\n\n\n<p>Diese Zugeh\u00f6rigkeit ist f\u00fcr uns ein wichtiger Meilenstein, den wir mit viel Leidenschaft weiter ausbauen m\u00f6chten.<\/p>\n\n\n\n<figure class=\"wp-block-image size-full is-resized\"><img loading=\"lazy\" decoding=\"async\" width=\"748\" height=\"612\" src=\"https:\/\/stage2.fes25.eu\/wp-content\/uploads\/2026\/03\/BDS-Gruppe-Eisingen-1.jpg\" alt=\"\" class=\"wp-image-859\" style=\"aspect-ratio:1.2222278959328006;width:574px;height:auto\" srcset=\"https:\/\/stage2.fes25.eu\/wp-content\/uploads\/2026\/03\/BDS-Gruppe-Eisingen-1.jpg 748w, https:\/\/stage2.fes25.eu\/wp-content\/uploads\/2026\/03\/BDS-Gruppe-Eisingen-1-300x245.jpg 300w\" sizes=\"auto, (max-width: 748px) 100vw, 748px\" \/><\/figure>\n\n\n\n<p>Als Verein verf\u00fcgen wir \u00fcber einen eigenen, gut ausgestatteten Schie\u00dfstand, der f\u00fcr viele Trainingssituationen und Disziplinen hervorragend geeignet ist. Unsere Anlage bietet 25\u202fMeter Bahnl\u00e4nge \u2013 ideal f\u00fcr zahlreiche \u00dcbungen, aber leider nicht ausreichend f\u00fcr alle Disziplinen, die im Bund Deutscher Sportsch\u00fctzen (BDS) geschossen werden.<\/p>\n\n\n\n<p>Einige BDS\u2011Wettbewerbe erfordern deutlich gr\u00f6\u00dfere Distanzen oder spezielle Standkonfigurationen, die wir vor Ort nicht abbilden k\u00f6nnen. Damit unsere Mitglieder dennoch das komplette sportliche Spektrum nutzen k\u00f6nnen, <strong>weichen wir f\u00fcr diese Disziplinen auf die Schie\u00dfanlagen in Karlsruhe oder Philippsburg aus<\/strong>. Beide Anlagen bieten hervorragende Bedingungen f\u00fcr mittlere (bis 100m) und weite Entfernungen (bis zu 300m) und erm\u00f6glichen es uns, auch anspruchsvolle BDS\u2011Disziplinen sicher und regelkonform zu trainieren.<\/p>\n\n\n\n<p>Diese Zusammenarbeit erweitert unsere sportlichen M\u00f6glichkeiten erheblich und stellt sicher, dass unsere Sch\u00fctzinnen und Sch\u00fctzen alle Disziplinen aus\u00fcben k\u00f6nnen, die ihnen wichtig sind \u2013 auch \u00fcber die Grenzen unseres eigenen Standes hinaus.<\/p>\n\n\n\n<p>Links zum BDS:<\/p>\n\n\n\n<ul class=\"wp-block-list\">\n<li>Seite des BDS: <a href=\"https:\/\/www.bdsnet.de\/index.php\">https:\/\/www.bdsnet.de\/index.php<\/a><\/li>\n\n\n\n<li>Sporthandbuch: <a href=\"https:\/\/www.bdsnet.de\/standard\/sporthandbuch.html\">https:\/\/www.bdsnet.de\/standard\/sporthandbuch.html<\/a>\n<ul class=\"wp-block-list\">\n<li>Langwaffen Standardprogramm: <a href=\"https:\/\/www.bdsnet.de\/ressourcen\/downloads\/2025_12_06_shb_l_2026_v1.pdf\">https:\/\/www.bdsnet.de\/ressourcen\/downloads\/2025_12_06_shb_l_2026_v1.pdf<\/a><\/li>\n\n\n\n<li>Kurzwaffen Standardprogramm: <a href=\"https:\/\/www.bdsnet.de\/ressourcen\/downloads\/2025_12_06_shb_l_2026_v1.pdf\">https:\/\/www.bdsnet.de\/ressourcen\/downloads\/2025_12_06_shb_l_2026_v1.pdf<\/a><\/li>\n\n\n\n<li>Kommentare und Erl\u00e4uterungen zum Sporthandbuch: <a href=\"https:\/\/www.bdsnet.de\/ressourcen\/downloads\/2026_02_03_shb_kommentar.pdf\">https:\/\/www.bdsnet.de\/ressourcen\/downloads\/2026_02_03_shb_kommentar.pdf<\/a><\/li>\n<\/ul>\n<\/li>\n\n\n\n<li>Landesverb\u00e4nde: <a href=\"https:\/\/www.bdsnet.de\/ueber_uns\/landesverbaende.html\">https:\/\/www.bdsnet.de\/ueber_uns\/landesverbaende.html<\/a><\/li>\n\n\n\n<li>Bundesverwaltungsamt &#8211; Schie\u00dfsportordnungen des Bundes Deutscher Sportsch\u00fctzen&nbsp;e.V: \n<ul class=\"wp-block-list\">\n<li><a href=\"https:\/\/www.bva.bund.de\/DE\/Services\/Buerger\/Ausweis-Dokumente-Recht\/Waffenrecht\/Schiesssport\/_functions\/tabelle_bild_bds.html\">https:\/\/www.bva.bund.de\/DE\/Services\/Buerger\/Ausweis-Dokumente-Recht\/Waffenrecht\/Schiesssport\/_functions\/tabelle_bild_bds.html<\/a> <\/li>\n<\/ul>\n<\/li>\n<\/ul>\n\n\n\n<figure class=\"wp-block-gallery has-nested-images columns-default is-cropped wp-block-gallery-1 is-layout-flex wp-block-gallery-is-layout-flex\">\n<figure class=\"wp-block-image size-large\"><img loading=\"lazy\" decoding=\"async\" width=\"1024\" height=\"768\" data-id=\"847\" src=\"https:\/\/stage2.fes25.eu\/wp-content\/uploads\/2026\/03\/WhatsApp-Image-2026-03-08-at-20.32.06-1-1024x768.jpeg\" alt=\"\" class=\"wp-image-847\" srcset=\"https:\/\/stage2.fes25.eu\/wp-content\/uploads\/2026\/03\/WhatsApp-Image-2026-03-08-at-20.32.06-1-1024x768.jpeg 1024w, https:\/\/stage2.fes25.eu\/wp-content\/uploads\/2026\/03\/WhatsApp-Image-2026-03-08-at-20.32.06-1-300x225.jpeg 300w, https:\/\/stage2.fes25.eu\/wp-content\/uploads\/2026\/03\/WhatsApp-Image-2026-03-08-at-20.32.06-1-768x576.jpeg 768w, https:\/\/stage2.fes25.eu\/wp-content\/uploads\/2026\/03\/WhatsApp-Image-2026-03-08-at-20.32.06-1-1536x1152.jpeg 1536w, https:\/\/stage2.fes25.eu\/wp-content\/uploads\/2026\/03\/WhatsApp-Image-2026-03-08-at-20.32.06-1.jpeg 1600w\" sizes=\"auto, (max-width: 1024px) 100vw, 1024px\" \/><\/figure>\n\n\n\n<figure class=\"wp-block-image size-large\"><img loading=\"lazy\" decoding=\"async\" width=\"1024\" height=\"768\" data-id=\"846\" src=\"https:\/\/stage2.fes25.eu\/wp-content\/uploads\/2026\/03\/WhatsApp-Image-2026-03-08-at-20.32.06-1024x768.jpeg\" alt=\"\" class=\"wp-image-846\" srcset=\"https:\/\/stage2.fes25.eu\/wp-content\/uploads\/2026\/03\/WhatsApp-Image-2026-03-08-at-20.32.06-1024x768.jpeg 1024w, https:\/\/stage2.fes25.eu\/wp-content\/uploads\/2026\/03\/WhatsApp-Image-2026-03-08-at-20.32.06-300x225.jpeg 300w, https:\/\/stage2.fes25.eu\/wp-content\/uploads\/2026\/03\/WhatsApp-Image-2026-03-08-at-20.32.06-768x576.jpeg 768w, https:\/\/stage2.fes25.eu\/wp-content\/uploads\/2026\/03\/WhatsApp-Image-2026-03-08-at-20.32.06-1536x1152.jpeg 1536w, https:\/\/stage2.fes25.eu\/wp-content\/uploads\/2026\/03\/WhatsApp-Image-2026-03-08-at-20.32.06.jpeg 1600w\" sizes=\"auto, (max-width: 1024px) 100vw, 1024px\" \/><\/figure>\n\n\n\n<figure class=\"wp-block-image size-large\"><img loading=\"lazy\" decoding=\"async\" width=\"387\" height=\"349\" data-id=\"845\" src=\"https:\/\/stage2.fes25.eu\/wp-content\/uploads\/2026\/03\/Screenshot-2026-03-09-124437.jpg\" alt=\"\" class=\"wp-image-845\" srcset=\"https:\/\/stage2.fes25.eu\/wp-content\/uploads\/2026\/03\/Screenshot-2026-03-09-124437.jpg 387w, https:\/\/stage2.fes25.eu\/wp-content\/uploads\/2026\/03\/Screenshot-2026-03-09-124437-300x271.jpg 300w\" sizes=\"auto, (max-width: 387px) 100vw, 387px\" \/><\/figure>\n<\/figure>\n\n\n\n<figure class=\"wp-block-gallery has-nested-images columns-default is-cropped wp-block-gallery-2 is-layout-flex wp-block-gallery-is-layout-flex\">\n<figure class=\"wp-block-image size-large\"><img loading=\"lazy\" decoding=\"async\" width=\"576\" height=\"1024\" data-id=\"1022\" src=\"https:\/\/stage2.fes25.eu\/wp-content\/uploads\/2026\/03\/WhatsApp-Image-2026-03-11-at-17.33.39-576x1024.jpeg\" alt=\"\" class=\"wp-image-1022\" srcset=\"https:\/\/stage2.fes25.eu\/wp-content\/uploads\/2026\/03\/WhatsApp-Image-2026-03-11-at-17.33.39-576x1024.jpeg 576w, https:\/\/stage2.fes25.eu\/wp-content\/uploads\/2026\/03\/WhatsApp-Image-2026-03-11-at-17.33.39-169x300.jpeg 169w, https:\/\/stage2.fes25.eu\/wp-content\/uploads\/2026\/03\/WhatsApp-Image-2026-03-11-at-17.33.39-768x1365.jpeg 768w, https:\/\/stage2.fes25.eu\/wp-content\/uploads\/2026\/03\/WhatsApp-Image-2026-03-11-at-17.33.39-864x1536.jpeg 864w, https:\/\/stage2.fes25.eu\/wp-content\/uploads\/2026\/03\/WhatsApp-Image-2026-03-11-at-17.33.39.jpeg 900w\" sizes=\"auto, (max-width: 576px) 100vw, 576px\" \/><\/figure>\n\n\n\n<figure class=\"wp-block-image size-large\"><img loading=\"lazy\" decoding=\"async\" width=\"768\" height=\"1024\" data-id=\"1023\" src=\"https:\/\/stage2.fes25.eu\/wp-content\/uploads\/2026\/03\/WhatsApp-Image-2026-03-11-at-19.55.01-768x1024.jpeg\" alt=\"\" class=\"wp-image-1023\" srcset=\"https:\/\/stage2.fes25.eu\/wp-content\/uploads\/2026\/03\/WhatsApp-Image-2026-03-11-at-19.55.01-768x1024.jpeg 768w, https:\/\/stage2.fes25.eu\/wp-content\/uploads\/2026\/03\/WhatsApp-Image-2026-03-11-at-19.55.01-225x300.jpeg 225w, https:\/\/stage2.fes25.eu\/wp-content\/uploads\/2026\/03\/WhatsApp-Image-2026-03-11-at-19.55.01-1152x1536.jpeg 1152w, https:\/\/stage2.fes25.eu\/wp-content\/uploads\/2026\/03\/WhatsApp-Image-2026-03-11-at-19.55.01.jpeg 1200w\" sizes=\"auto, (max-width: 768px) 100vw, 768px\" \/><\/figure>\n\n\n\n<figure class=\"wp-block-image size-large\"><img loading=\"lazy\" decoding=\"async\" width=\"768\" height=\"1024\" data-id=\"1024\" src=\"https:\/\/stage2.fes25.eu\/wp-content\/uploads\/2026\/03\/WhatsApp-Image-2026-03-12-at-16.50.34-768x1024.jpeg\" alt=\"\" class=\"wp-image-1024\" srcset=\"https:\/\/stage2.fes25.eu\/wp-content\/uploads\/2026\/03\/WhatsApp-Image-2026-03-12-at-16.50.34-768x1023.jpeg 768w, https:\/\/stage2.fes25.eu\/wp-content\/uploads\/2026\/03\/WhatsApp-Image-2026-03-12-at-16.50.34-225x300.jpeg 225w, https:\/\/stage2.fes25.eu\/wp-content\/uploads\/2026\/03\/WhatsApp-Image-2026-03-12-at-16.50.34-1153x1536.jpeg 1153w, https:\/\/stage2.fes25.eu\/wp-content\/uploads\/2026\/03\/WhatsApp-Image-2026-03-12-at-16.50.34.jpeg 1200w\" sizes=\"auto, (max-width: 768px) 100vw, 768px\" \/><\/figure>\n<\/figure>\n\n\n\n<figure class=\"wp-block-image size-full is-resized\"><img loading=\"lazy\" decoding=\"async\" width=\"783\" height=\"451\" src=\"https:\/\/stage2.fes25.eu\/wp-content\/uploads\/2026\/03\/Screenshot-2026-03-13-150639.jpg\" alt=\"\" class=\"wp-image-1025\" style=\"aspect-ratio:1.7361674115649794;width:741px;height:auto\" srcset=\"https:\/\/stage2.fes25.eu\/wp-content\/uploads\/2026\/03\/Screenshot-2026-03-13-150639.jpg 783w, https:\/\/stage2.fes25.eu\/wp-content\/uploads\/2026\/03\/Screenshot-2026-03-13-150639-300x173.jpg 300w, https:\/\/stage2.fes25.eu\/wp-content\/uploads\/2026\/03\/Screenshot-2026-03-13-150639-768x442.jpg 768w\" sizes=\"auto, (max-width: 783px) 100vw, 783px\" \/><\/figure>\n","protected":false},"excerpt":{"rendered":"<p>Stolz auf unsere eigene BDS\u2011Gruppe \u2013 ein starkes Kapitel in der Vereinsgeschichte Als Verein sind wir besonders stolz darauf, beim [&hellip;]<\/p>\n","protected":false},"author":1,"featured_media":0,"parent":0,"menu_order":0,"comment_status":"closed","ping_status":"closed","template":"","meta":{"site-sidebar-layout":"default","site-content-layout":"","ast-site-content-layout":"default","site-content-style":"default","site-sidebar-style":"default","ast-global-header-display":"","ast-banner-title-visibility":"","ast-main-header-display":"","ast-hfb-above-header-display":"","ast-hfb-below-header-display":"","ast-hfb-mobile-header-display":"","site-post-title":"","ast-breadcrumbs-content":"","ast-featured-img":"","footer-sml-layout":"","ast-disable-related-posts":"","theme-transparent-header-meta":"","adv-header-id-meta":"","stick-header-meta":"","header-above-stick-meta":"","header-main-stick-meta":"","header-below-stick-meta":"","astra-migrate-meta-layouts":"default","ast-page-background-enabled":"default","ast-page-background-meta":{"desktop":{"background-color":"var(--ast-global-color-5)","background-image":"","background-repeat":"repeat","background-position":"center center","background-size":"auto","background-attachment":"scroll","background-type":"","background-media":"","overlay-type":"","overlay-color":"","overlay-opacity":"","overlay-gradient":""},"tablet":{"background-color":"","background-image":"","background-repeat":"repeat","background-position":"center center","background-size":"auto","background-attachment":"scroll","background-type":"","background-media":"","overlay-type":"","overlay-color":"","overlay-opacity":"","overlay-gradient":""},"mobile":{"background-color":"","background-image":"","background-repeat":"repeat","background-position":"center center","background-size":"auto","background-attachment":"scroll","background-type":"","background-media":"","overlay-type":"","overlay-color":"","overlay-opacity":"","overlay-gradient":""}},"ast-content-background-meta":{"desktop":{"background-color":"var(--ast-global-color-4)","background-image":"","background-repeat":"repeat","background-position":"center center","background-size":"auto","background-attachment":"scroll","background-type":"","background-media":"","overlay-type":"","overlay-color":"","overlay-opacity":"","overlay-gradient":""},"tablet":{"background-color":"var(--ast-global-color-4)","background-image":"","background-repeat":"repeat","background-position":"center center","background-size":"auto","background-attachment":"scroll","background-type":"","background-media":"","overlay-type":"","overlay-color":"","overlay-opacity":"","overlay-gradient":""},"mobile":{"background-color":"var(--ast-global-color-4)","background-image":"","background-repeat":"repeat","background-position":"center center","background-size":"auto","background-attachment":"scroll","background-type":"","background-media":"","overlay-type":"","overlay-color":"","overlay-opacity":"","overlay-gradient":""}},"footnotes":""},"class_list":["post-834","page","type-page","status-publish","hentry"],"_links":{"self":[{"href":"https:\/\/stage2.fes25.eu\/index.php?rest_route=\/wp\/v2\/pages\/834","targetHints":{"allow":["GET"]}}],"collection":[{"href":"https:\/\/stage2.fes25.eu\/index.php?rest_route=\/wp\/v2\/pages"}],"about":[{"href":"https:\/\/stage2.fes25.eu\/index.php?rest_route=\/wp\/v2\/types\/page"}],"author":[{"embeddable":true,"href":"https:\/\/stage2.fes25.eu\/index.php?rest_route=\/wp\/v2\/users\/1"}],"replies":[{"embeddable":true,"href":"https:\/\/stage2.fes25.eu\/index.php?rest_route=%2Fwp%2Fv2%2Fcomments&post=834"}],"version-history":[{"count":10,"href":"https:\/\/stage2.fes25.eu\/index.php?rest_route=\/wp\/v2\/pages\/834\/revisions"}],"predecessor-version":[{"id":1026,"href":"https:\/\/stage2.fes25.eu\/index.php?rest_route=\/wp\/v2\/pages\/834\/revisions\/1026"}],"wp:attachment":[{"href":"https:\/\/stage2.fes25.eu\/index.php?rest_route=%2Fwp%2Fv2%2Fmedia&parent=834"}],"curies":[{"name":"wp","href":"https:\/\/api.w.org\/{rel}","templated":true}]}}