{"id":959,"date":"2026-03-11T12:13:28","date_gmt":"2026-03-11T11:13:28","guid":{"rendered":"https:\/\/stage2.fes25.eu\/?page_id=959"},"modified":"2026-03-13T14:35:15","modified_gmt":"2026-03-13T13:35:15","slug":"mitgliedsbeitraege","status":"publish","type":"page","link":"https:\/\/stage2.fes25.eu\/?page_id=959","title":{"rendered":"Mitgliedsbeitr\u00e4ge"},"content":{"rendered":"\n<p><strong>M\u00f6glichkeiten der Mitgliedschaft:<\/strong><\/p>\n\n\n\n<ul class=\"wp-block-list\">\n<li>Einzelmitgliedschaft Erwachsener, j\u00e4hrlichem Mitgliedsbeitrag 95,00\u20ac \/ einmalige Aufnahmegeb\u00fchr von 120,00\u20ac<\/li>\n\n\n\n<li>Einzelmitgliedschaft Jugendliche bis Vollendung 17. Lebensjahr Mitgliedsbeitrag 55,00\u20ac \/ einmalige Aufnahmegeb\u00fchr entf\u00e4llt<\/li>\n\n\n\n<li>Familienmitgliedschaft mit Jugendlichen bis Vollendung des 17. Lebensjahr \/  einmalige Aufnahmegeb\u00fchr von 180,00\u20ac\n<ul class=\"wp-block-list\">\n<li>130,00\u20ac (2 Erwachsene)<\/li>\n\n\n\n<li>145,00\u20ac (2 Erwachsene + 1 Kind)<\/li>\n\n\n\n<li>110,00\u20ac (1 Erwachsener + 1 Kind)<\/li>\n\n\n\n<li>125,00\u20ac (1 Erwachsener + 2 Kinder)<\/li>\n\n\n\n<li>160,00\u20ac (2 Erwachsene + 2 Kinder)<\/li>\n<\/ul>\n<\/li>\n<\/ul>\n\n\n\n<p><strong>Arbeitsstunden<\/strong><\/p>\n\n\n\n<p>Es fallen 12 Pflicht-Arbeitsstunden pro Jahr + pro Erwachsenen an. Die Arbeitsstunden k\u00f6nnen f\u00fcr die Instandhaltung des Sch\u00fctzenhauses,<br>Arbeitsleistungen bei Veranstaltungen oder Vereinsfeiern erbracht werden. F\u00fcr die nicht erbrachten Arbeitsstunden wird ein Betrag von 10\u20ac pro Stunde berechnet. Die Abbuchung der Ersatzgeb\u00fchr erfolgt zeitgleich mit dem Mitgliedsbeitrag im darauffolgenden Kalenderjahr.<\/p>\n\n\n\n<p><strong>Das Anmeldeformular f\u00fcr die Mitgliedschaft liegt im Sch\u00fctzenverein aus. <\/strong><\/p>\n\n\n\n<p><\/p>\n","protected":false},"excerpt":{"rendered":"<p>M\u00f6glichkeiten der Mitgliedschaft: Arbeitsstunden Es fallen 12 Pflicht-Arbeitsstunden pro Jahr + pro Erwachsenen an. Die Arbeitsstunden k\u00f6nnen f\u00fcr die Instandhaltung [&hellip;]<\/p>\n","protected":false},"author":1,"featured_media":0,"parent":0,"menu_order":0,"comment_status":"closed","ping_status":"closed","template":"","meta":{"site-sidebar-layout":"default","site-content-layout":"","ast-site-content-layout":"default","site-content-style":"default","site-sidebar-style":"default","ast-global-header-display":"","ast-banner-title-visibility":"","ast-main-header-display":"","ast-hfb-above-header-display":"","ast-hfb-below-header-display":"","ast-hfb-mobile-header-display":"","site-post-title":"","ast-breadcrumbs-content":"","ast-featured-img":"","footer-sml-layout":"","ast-disable-related-posts":"","theme-transparent-header-meta":"","adv-header-id-meta":"","stick-header-meta":"","header-above-stick-meta":"","header-main-stick-meta":"","header-below-stick-meta":"","astra-migrate-meta-layouts":"default","ast-page-background-enabled":"default","ast-page-background-meta":{"desktop":{"background-color":"var(--ast-global-color-5)","background-image":"","background-repeat":"repeat","background-position":"center center","background-size":"auto","background-attachment":"scroll","background-type":"","background-media":"","overlay-type":"","overlay-color":"","overlay-opacity":"","overlay-gradient":""},"tablet":{"background-color":"","background-image":"","background-repeat":"repeat","background-position":"center center","background-size":"auto","background-attachment":"scroll","background-type":"","background-media":"","overlay-type":"","overlay-color":"","overlay-opacity":"","overlay-gradient":""},"mobile":{"background-color":"","background-image":"","background-repeat":"repeat","background-position":"center center","background-size":"auto","background-attachment":"scroll","background-type":"","background-media":"","overlay-type":"","overlay-color":"","overlay-opacity":"","overlay-gradient":""}},"ast-content-background-meta":{"desktop":{"background-color":"var(--ast-global-color-4)","background-image":"","background-repeat":"repeat","background-position":"center center","background-size":"auto","background-attachment":"scroll","background-type":"","background-media":"","overlay-type":"","overlay-color":"","overlay-opacity":"","overlay-gradient":""},"tablet":{"background-color":"var(--ast-global-color-4)","background-image":"","background-repeat":"repeat","background-position":"center center","background-size":"auto","background-attachment":"scroll","background-type":"","background-media":"","overlay-type":"","overlay-color":"","overlay-opacity":"","overlay-gradient":""},"mobile":{"background-color":"var(--ast-global-color-4)","background-image":"","background-repeat":"repeat","background-position":"center center","background-size":"auto","background-attachment":"scroll","background-type":"","background-media":"","overlay-type":"","overlay-color":"","overlay-opacity":"","overlay-gradient":""}},"footnotes":""},"class_list":["post-959","page","type-page","status-publish","hentry"],"_links":{"self":[{"href":"https:\/\/stage2.fes25.eu\/index.php?rest_route=\/wp\/v2\/pages\/959","targetHints":{"allow":["GET"]}}],"collection":[{"href":"https:\/\/stage2.fes25.eu\/index.php?rest_route=\/wp\/v2\/pages"}],"about":[{"href":"https:\/\/stage2.fes25.eu\/index.php?rest_route=\/wp\/v2\/types\/page"}],"author":[{"embeddable":true,"href":"https:\/\/stage2.fes25.eu\/index.php?rest_route=\/wp\/v2\/users\/1"}],"replies":[{"embeddable":true,"href":"https:\/\/stage2.fes25.eu\/index.php?rest_route=%2Fwp%2Fv2%2Fcomments&post=959"}],"version-history":[{"count":7,"href":"https:\/\/stage2.fes25.eu\/index.php?rest_route=\/wp\/v2\/pages\/959\/revisions"}],"predecessor-version":[{"id":1037,"href":"https:\/\/stage2.fes25.eu\/index.php?rest_route=\/wp\/v2\/pages\/959\/revisions\/1037"}],"wp:attachment":[{"href":"https:\/\/stage2.fes25.eu\/index.php?rest_route=%2Fwp%2Fv2%2Fmedia&parent=959"}],"curies":[{"name":"wp","href":"https:\/\/api.w.org\/{rel}","templated":true}]}}